{"id":1340,"date":"2018-06-02T06:50:31","date_gmt":"2018-06-02T04:50:31","guid":{"rendered":"https:\/\/www.cva-services.eu\/?page_id=1340"},"modified":"2018-08-21T11:42:17","modified_gmt":"2018-08-21T09:42:17","slug":"risk-dynamics","status":"publish","type":"page","link":"https:\/\/www.cva-services.eu\/de\/risk-dynamics","title":{"rendered":"Risk Dynamics"},"content":{"rendered":"<p><\/p>\n<h2>Risk Dynamics und ihr dynamischer Impact<\/h2>\n<p>Um aus der Erf\u00fcllungspflicht der zahlreichen regulatorischen Anforderung den Mehrwert f\u00fcr unsere Kunden aus dem Front-Office und Back-Office zu extrahieren, kombinieren wir Fachexpertise in quantitativem Know-How, IT-Affinit\u00e4t und Business-Verst\u00e4ndnis. Die Quantifizierung von Risiken ist ein dynamischer Prozess zwischen unseren Kunden und unser Spektrum an L\u00f6sungen. Dabei ist der Wissenstransport zwischen uns und unseren Kunden ebenfalls ein dynamischer Prozess und erfordert eine Mischung aus fachspezifischer Beratung und Erfahrung \u00fcber den Tellerrand hinaus.<\/p>\n<p>Themen wie BCBS 239 bzw. RDARR (<a href=\"https:\/\/www.bis.org\/bcbs\/publ\/d443.htm\">Risikodatenaggregation und Risiko Reporting<\/a>) ben\u00f6tigen neben der Ber\u00fccksichtigung Business-individueller Machbarkeitsaspekte auch die Kenntnis in IT-typischen Workflows und quantitativen Anforderungen an Daten und Reports. Innovative Methoden wie Machine Learning (auch unter Statistical Learning oder Predictive Analytics bekannt) kommen hier im Sinne von advanced Banking 4.0 ebenfalls zum Einsatz.<\/p>\n<p>Themen wie Reportautomatisierungen fordern nicht nur Skills als Programmierer, sondern auch Kommunikationsst\u00e4rke und quantitativem Verst\u00e4ndnis in der Modelllandschaft.<\/p>\n<p>Projekte wie FRTB und XVA ben\u00f6tigen neben dem quantitativen Know-How auch das Verst\u00e4ndnis auf m\u00f6gliche Auswirkungen auf IT-Systeme und Businessaspekte.<\/p>\n<p>In der Modellentwicklung und Validierung im Kreditrisiko und Marktpreisrisiko wird neben quantitativer Expertise auch regulatorischem Know-How und der Einsatz von GUI-basierten Tools gefordert, um effiziente Berechnungen auch effektiv in Business und IT-Workflow zu transformieren.<\/p>\n<p>Die Abteilung Risk Dynamics besteht aus Business Analysten, Integration Engineer und Financial Engineer:<\/p>\n<ul>\n<li>Business Analysten unterst\u00fctzen unseren Kunden z.B. bei der Optimierung von Gesch\u00e4ftsmodellen, erstellen Auswirkungsstudien oder helfen unseren Kunden bei der Transformation von Regulatorik zum Business.<\/li>\n<li>Integration Engineer Experten unterst\u00fctzen unseren Kunden z.B. bei der Auswahl und Implementierung von IT-Systemen, \u00fcbernehmen das Testmanagement oder unterst\u00fctzen die Projektleitung von der Konzeptionsphase bis zum UAT.<\/li>\n<li>Financial Engineer Experten helfen unseren Kunden aus Front-Office und Back-Office z.B. L\u00f6sungen rund um Modellentwicklung, Validierung, Testmanagement oder Modellauswahl aus der Modelllandschaft gemeinsam zu entwickeln.<\/li>\n<\/ul>\n<p><img data-attachment-id=\"1435\" data-permalink=\"https:\/\/www.cva-services.eu\/de\/risk-dynamics\/bild_dreiexpertise\" data-orig-file=\"https:\/\/i1.wp.com\/www.cva-services.eu\/wp-content\/uploads\/Bild_dreiExpertise.png?fit=628%2C419&amp;ssl=1\" data-orig-size=\"628,419\" data-comments-opened=\"0\" data-image-meta=\"{&quot;aperture&quot;:&quot;0&quot;,&quot;credit&quot;:&quot;&quot;,&quot;camera&quot;:&quot;&quot;,&quot;caption&quot;:&quot;&quot;,&quot;created_timestamp&quot;:&quot;0&quot;,&quot;copyright&quot;:&quot;&quot;,&quot;focal_length&quot;:&quot;0&quot;,&quot;iso&quot;:&quot;0&quot;,&quot;shutter_speed&quot;:&quot;0&quot;,&quot;title&quot;:&quot;&quot;,&quot;orientation&quot;:&quot;0&quot;}\" data-image-title=\"Bild_dreiExpertise\" data-image-description=\"\" data-medium-file=\"https:\/\/i1.wp.com\/www.cva-services.eu\/wp-content\/uploads\/Bild_dreiExpertise.png?fit=300%2C200&amp;ssl=1\" data-large-file=\"https:\/\/i1.wp.com\/www.cva-services.eu\/wp-content\/uploads\/Bild_dreiExpertise.png?fit=628%2C419&amp;ssl=1\" decoding=\"async\" loading=\"lazy\" class=\" wp-image-1435 aligncenter\" src=\"https:\/\/i1.wp.com\/www.cva-services.eu\/wp-content\/uploads\/Bild_dreiExpertise.png?resize=396%2C264&#038;ssl=1\" alt=\"\" width=\"396\" height=\"264\" srcset=\"https:\/\/i1.wp.com\/www.cva-services.eu\/wp-content\/uploads\/Bild_dreiExpertise.png?resize=300%2C200&amp;ssl=1 300w, https:\/\/i1.wp.com\/www.cva-services.eu\/wp-content\/uploads\/Bild_dreiExpertise.png?w=628&amp;ssl=1 628w\" sizes=\"(max-width: 396px) 100vw, 396px\" data-recalc-dims=\"1\" \/><\/p>\n<p>&nbsp;<\/p>\n<p>&nbsp;<\/p>\n<h3>Fazit<\/h3>\n<p>Die gro\u00dfe Anzahl an regulatorischen Anforderung an die verschiedenen Risikoeinheiten wie Kreditrisiko, Marktpreisrisiko, Liquidit\u00e4tsrisiko und OpRisk aber auch an Front-Office und Reporting-Einheiten erfordern die interdisziplin\u00e4re Zusammenarbeit verschiedener Abteilungen. F\u00fcr die Projektunterst\u00fctzung bedeutet das, dass neben der individuellen Expertise auch \u00fcbergreifendes Verst\u00e4ndnis in Business, IT und Fachwissen kombiniert mit innovativen Methoden der Zeit zu passenden L\u00f6sungen f\u00fcr unsere Kunden f\u00fchren.<\/p>\n<p>Wir kombinieren fundierte Beratung mit innovativen IT-L\u00f6sungen und helfen unsere Kunden advanced Banking 4.0 zu sein.<\/p>\n<p>&nbsp;<\/p>\n<p><img data-attachment-id=\"1437\" data-permalink=\"https:\/\/www.cva-services.eu\/de\/risk-dynamics\/bild_riskdynamics-2\" data-orig-file=\"https:\/\/i0.wp.com\/www.cva-services.eu\/wp-content\/uploads\/Bild_RiskDynamics-1.png?fit=932%2C621&amp;ssl=1\" data-orig-size=\"932,621\" data-comments-opened=\"0\" data-image-meta=\"{&quot;aperture&quot;:&quot;0&quot;,&quot;credit&quot;:&quot;&quot;,&quot;camera&quot;:&quot;&quot;,&quot;caption&quot;:&quot;&quot;,&quot;created_timestamp&quot;:&quot;0&quot;,&quot;copyright&quot;:&quot;&quot;,&quot;focal_length&quot;:&quot;0&quot;,&quot;iso&quot;:&quot;0&quot;,&quot;shutter_speed&quot;:&quot;0&quot;,&quot;title&quot;:&quot;&quot;,&quot;orientation&quot;:&quot;0&quot;}\" data-image-title=\"Bild_RiskDynamics\" data-image-description=\"\" data-medium-file=\"https:\/\/i0.wp.com\/www.cva-services.eu\/wp-content\/uploads\/Bild_RiskDynamics-1.png?fit=300%2C200&amp;ssl=1\" data-large-file=\"https:\/\/i0.wp.com\/www.cva-services.eu\/wp-content\/uploads\/Bild_RiskDynamics-1.png?fit=932%2C621&amp;ssl=1\" decoding=\"async\" loading=\"lazy\" class=\" wp-image-1437 aligncenter\" src=\"https:\/\/i0.wp.com\/www.cva-services.eu\/wp-content\/uploads\/Bild_RiskDynamics-1.png?resize=406%2C280&#038;ssl=1\" alt=\"\" width=\"406\" height=\"280\" srcset=\"https:\/\/i0.wp.com\/www.cva-services.eu\/wp-content\/uploads\/Bild_RiskDynamics-1.png?zoom=2&amp;resize=406%2C280&amp;ssl=1 812w, https:\/\/i0.wp.com\/www.cva-services.eu\/wp-content\/uploads\/Bild_RiskDynamics-1.png?zoom=3&amp;resize=406%2C280&amp;ssl=1 1218w\" sizes=\"(max-width: 406px) 100vw, 406px\" data-recalc-dims=\"1\" \/><\/p>\n<p>&nbsp;<\/p>\n<p>Letztes Update: 21.07.2018<\/p>","protected":false},"excerpt":{"rendered":"<p>Risk Dynamics und ihr dynamischer Impact Um aus der Erf\u00fcllungspflicht der zahlreichen regulatorischen Anforderung den Mehrwert f\u00fcr unsere Kunden aus dem Front-Office und Back-Office zu extrahieren, kombinieren wir Fachexpertise in quantitativem Know-How, IT-Affinit\u00e4t und Business-Verst\u00e4ndnis. Die Quantifizierung von Risiken ist ein dynamischer Prozess zwischen unseren Kunden und unser Spektrum an L\u00f6sungen. Dabei ist der Wissenstransport<\/p>\n<div><a class=\"btn-filled btn\" href=\"https:\/\/www.cva-services.eu\/de\/risk-dynamics\" title=\"Risk Dynamics\">Weiterlesen<\/a><\/div>\n","protected":false},"author":15,"featured_media":0,"parent":0,"menu_order":0,"comment_status":"closed","ping_status":"closed","template":"","meta":{"spay_email":"","footnotes":""},"yoast_head":"<!-- This site is optimized with the Yoast SEO plugin v16.4 - https:\/\/yoast.com\/wordpress\/plugins\/seo\/ -->\n<title>Risk Dynamics - CVA Services Gmbh<\/title>\n<meta name=\"robots\" content=\"index, follow, max-snippet:-1, max-image-preview:large, max-video-preview:-1\" \/>\n<link rel=\"canonical\" href=\"https:\/\/www.cva-services.eu\/risk-dynamics\" \/>\n<meta property=\"og:locale\" content=\"de_DE\" \/>\n<meta property=\"og:type\" content=\"article\" \/>\n<meta property=\"og:title\" content=\"Risk Dynamics - CVA Services Gmbh\" \/>\n<meta property=\"og:description\" content=\"Risk Dynamics und ihr dynamischer Impact Um aus der Erf\u00fcllungspflicht der zahlreichen regulatorischen Anforderung den Mehrwert f\u00fcr unsere Kunden aus dem Front-Office und Back-Office zu extrahieren, kombinieren wir Fachexpertise in quantitativem Know-How, IT-Affinit\u00e4t und Business-Verst\u00e4ndnis. Die Quantifizierung von Risiken ist ein dynamischer Prozess zwischen unseren Kunden und unser Spektrum an L\u00f6sungen. Dabei ist der WissenstransportWeiterlesen\" \/>\n<meta property=\"og:url\" content=\"https:\/\/www.cva-services.eu\/risk-dynamics\" \/>\n<meta property=\"og:site_name\" content=\"CVA Services Gmbh\" \/>\n<meta property=\"article:modified_time\" content=\"2018-08-21T09:42:17+00:00\" \/>\n<meta property=\"og:image\" content=\"https:\/\/www.cva-services.eu\/wp-content\/uploads\/Bild_dreiExpertise-300x200.png\" \/>\n<meta name=\"twitter:card\" content=\"summary\" \/>\n<meta name=\"twitter:site\" content=\"@CVA_Services\" \/>\n<meta name=\"twitter:label1\" content=\"Gesch\u00e4tzte Lesezeit\" \/>\n\t<meta name=\"twitter:data1\" content=\"4\u00a0Minuten\" \/>\n<script type=\"application\/ld+json\" class=\"yoast-schema-graph\">{\"@context\":\"https:\/\/schema.org\",\"@graph\":[{\"@type\":\"WebSite\",\"@id\":\"https:\/\/www.cva-services.eu\/de\/#website\",\"url\":\"https:\/\/www.cva-services.eu\/de\/\",\"name\":\"CVA Services Gmbh\",\"description\":\"Managing Financial Transformation\",\"potentialAction\":[{\"@type\":\"SearchAction\",\"target\":\"https:\/\/www.cva-services.eu\/de\/?s={search_term_string}\",\"query-input\":\"required name=search_term_string\"}],\"inLanguage\":\"de\"},{\"@type\":\"ImageObject\",\"@id\":\"https:\/\/www.cva-services.eu\/risk-dynamics#primaryimage\",\"inLanguage\":\"de\",\"url\":\"https:\/\/i1.wp.com\/www.cva-services.eu\/wp-content\/uploads\/Bild_dreiExpertise.png?fit=628%2C419&ssl=1\",\"contentUrl\":\"https:\/\/i1.wp.com\/www.cva-services.eu\/wp-content\/uploads\/Bild_dreiExpertise.png?fit=628%2C419&ssl=1\",\"width\":628,\"height\":419},{\"@type\":\"WebPage\",\"@id\":\"https:\/\/www.cva-services.eu\/risk-dynamics#webpage\",\"url\":\"https:\/\/www.cva-services.eu\/risk-dynamics\",\"name\":\"Risk Dynamics - CVA Services Gmbh\",\"isPartOf\":{\"@id\":\"https:\/\/www.cva-services.eu\/de\/#website\"},\"primaryImageOfPage\":{\"@id\":\"https:\/\/www.cva-services.eu\/risk-dynamics#primaryimage\"},\"datePublished\":\"2018-06-02T04:50:31+00:00\",\"dateModified\":\"2018-08-21T09:42:17+00:00\",\"breadcrumb\":{\"@id\":\"https:\/\/www.cva-services.eu\/risk-dynamics#breadcrumb\"},\"inLanguage\":\"de\",\"potentialAction\":[{\"@type\":\"ReadAction\",\"target\":[\"https:\/\/www.cva-services.eu\/risk-dynamics\"]}]},{\"@type\":\"BreadcrumbList\",\"@id\":\"https:\/\/www.cva-services.eu\/risk-dynamics#breadcrumb\",\"itemListElement\":[{\"@type\":\"ListItem\",\"position\":1,\"item\":{\"@type\":\"WebPage\",\"@id\":\"https:\/\/www.cva-services.eu\/de\/\",\"url\":\"https:\/\/www.cva-services.eu\/de\/\",\"name\":\"Startseite\"}},{\"@type\":\"ListItem\",\"position\":2,\"item\":{\"@id\":\"https:\/\/www.cva-services.eu\/risk-dynamics#webpage\"}}]}]}<\/script>\n<!-- \/ Yoast SEO plugin. -->","jetpack_sharing_enabled":true,"jetpack_shortlink":"https:\/\/wp.me\/Pd7ImD-lC","jetpack-related-posts":[{"id":36,"url":"https:\/\/www.cva-services.eu\/de\/ueber-uns\/unsere-berater","url_meta":{"origin":1340,"position":0},"title":"[:de]Unsere Berater[:en]Our Consultants[:]","date":"Freitag, der  1. April 2016","format":false,"excerpt":"CVA Services GmbH - Ihre Experten f\u00fcr Financial Services Auf Basis unserer Erfahrungen werden von der fachlichen Analyse \u00fcber die Erstellung und Kalibrierung von mathematischen Modellen bis hin zur IT-technischen Umsetzung unterschiedliche Expertisen ben\u00f6tigt. Die CVA Services hat Berater aus allen relevanten\u00a0Bereichen in ihren Reihen - durch die bedarfsgerechte B\u00fcndelung\u2026","rel":"","context":"\u00c4hnlicher Beitrag","img":{"alt_text":"","src":"https:\/\/i0.wp.com\/www.cva-services.eu\/wp-content\/uploads\/fin_engineer-300x200.jpg?resize=350%2C200&ssl=1","width":350,"height":200},"classes":[]},{"id":2564,"url":"https:\/\/www.cva-services.eu\/de\/risk-dynamics\/liquiditaetsrisiko-und-die-liquiditaetsspirale","url_meta":{"origin":1340,"position":1},"title":"[:de]Liquidit\u00e4tsrisiko und die Liquidit\u00e4tsspirale[:]","date":"Montag, der 11. M\u00e4rz 2019","format":false,"excerpt":"Liquidit\u00e4tsrisiko eines Investmentfonds Das Liquidit\u00e4tsrisiko f\u00fcr Kapitalverwaltungsgesellschaften (KVG) ergibt sich aus dem Liquidit\u00e4tsrisiko f\u00fcr Investmentfonds. Zahlungsverpflichtungen eines Fonds sind in der Regel kurzfristig, jedoch investiert der Fonds oftmals in langfristige sowie illiquide Verm\u00f6genswerte. Dadurch entsteht ein Risiko den Zahlungsverpflichtungen \/ R\u00fcckgabeverlangen der Anleger nicht fristgerecht nachzukommen. Dies wird gemeinhin als\u2026","rel":"","context":"\u00c4hnlicher Beitrag","img":{"alt_text":"","src":"https:\/\/i0.wp.com\/www.cva-services.eu\/wp-content\/uploads\/Liquidit\u00c3\u00a4tsmanagement_Ausgangspunkt-Regulatorische-Ma\u00c3\u009fnahmen-1024x624.png?resize=350%2C200&ssl=1","width":350,"height":200},"classes":[]},{"id":16,"url":"https:\/\/www.cva-services.eu\/de\/karriere","url_meta":{"origin":1340,"position":2},"title":"[:de]Karriere[:en]Career[:]","date":"Freitag, der  1. April 2016","format":false,"excerpt":"Unsere Kunden agieren in einem herausfordernden und hoch kompetitiven Umfeld. Sie vertrauen uns Projekte an, in denen sich der dynamische Status ihrer Branche spiegelt \u2013 zum Beispiel die Komplexit\u00e4t durch wachsende Regulierung, der Kostendruck oder die technologische Entwicklung. Unsere Antwort auf diese Dynamik besteht nicht nur in einem hohen professionellen\u2026","rel":"","context":"\u00c4hnlicher Beitrag","img":{"alt_text":"","src":"","width":0,"height":0},"classes":[]},{"id":801,"url":"https:\/\/www.cva-services.eu\/de\/risk-dynamics\/oprisk","url_meta":{"origin":1340,"position":3},"title":"OpRisk Basel IV - Back to Basics","date":"Montag, der 19. Juni 2017","format":false,"excerpt":"Seit der wichtigen OpRisk-Konsultation der Bank f\u00fcr Internationalen Zahlungsverkehr vom M\u00e4rz 2016 BCBSd355, steht aktuell insbesondere der SREP im Fokus. Auf Europ\u00e4ischer Ebene (EBA) sind Vorlagen f\u00fcr Kredit- und Marktrisiken sowie auch f\u00fcr operationelle Risiken vorhanden. OpRisk st\u00fctzt sich aktuell noch vollst\u00e4ndig auf Definitionen aus Basel II. Allerdings werden derzeit\u2026","rel":"","context":"\u00c4hnlicher Beitrag","img":{"alt_text":"","src":"https:\/\/i0.wp.com\/www.cva-services.eu\/wp-content\/uploads\/OpRisk-293x300.jpg?resize=350%2C200&ssl=1","width":350,"height":200},"classes":[]},{"id":1417,"url":"https:\/\/www.cva-services.eu\/de\/machine-learning-bcbs-239","url_meta":{"origin":1340,"position":4},"title":"[:de]Machine Learning und BCBS 239[:en]Machine Learning[:]","date":"Mittwoch, der 11. Juli 2018","format":false,"excerpt":"Machine Learning und BCBS 239 In Zeiten von Banking 4.0, Machine Learning, RDARR bzw. BCBS 239 (Risikodatenaggregation und Reporting) erfordern umfangreichere Analysen, schnellere Reports und erh\u00f6hte regulatorische Anforderungen den Einsatz von innovativen Tools in Abteilungen wie Modellentwicklungs- und Validierungseinheiten quer \u00fcber verschiedene Risikoarten. Zur Bew\u00e4ltigung der Aufgaben sollte der gesamte\u2026","rel":"","context":"\u00c4hnlicher Beitrag","img":{"alt_text":"","src":"","width":0,"height":0},"classes":[]},{"id":32,"url":"https:\/\/www.cva-services.eu\/de\/ueber-uns\/unsere-historie","url_meta":{"origin":1340,"position":5},"title":"[:de]Unsere Historie[:en]CVA Services History[:]","date":"Freitag, der  1. April 2016","format":false,"excerpt":"Historie - ein \u00dcberblick \u00a0 Mai 2012 Gr\u00fcndung als FinTech Managed Services zur Berechnung von CVA (Credit Valuation Adjustments) \u00a0 September 2013 Signifikanter Ergebniszuwachs aus Beratungsleistungen \u00a0 Januar 2014 Fokussierung auf das Beratungsgesch\u00e4ft und Softwarepartnerschaften an Stelle von eigener Software-Lizenzvermarktung Einstieg von Wolfgang Ruthardt und Stefan Zur als gesch\u00e4ftsf\u00fchrende Gesellschafter\u2026","rel":"","context":"\u00c4hnlicher Beitrag","img":{"alt_text":"","src":"https:\/\/i1.wp.com\/www.cva-services.eu\/wp-content\/uploads\/Screen-Shot-2018-07-26-at-5.25.41-PM-300x208.png?resize=350%2C200&ssl=1","width":350,"height":200},"classes":[]}],"_links":{"self":[{"href":"https:\/\/www.cva-services.eu\/de\/wp-json\/wp\/v2\/pages\/1340"}],"collection":[{"href":"https:\/\/www.cva-services.eu\/de\/wp-json\/wp\/v2\/pages"}],"about":[{"href":"https:\/\/www.cva-services.eu\/de\/wp-json\/wp\/v2\/types\/page"}],"author":[{"embeddable":true,"href":"https:\/\/www.cva-services.eu\/de\/wp-json\/wp\/v2\/users\/15"}],"replies":[{"embeddable":true,"href":"https:\/\/www.cva-services.eu\/de\/wp-json\/wp\/v2\/comments?post=1340"}],"version-history":[{"count":29,"href":"https:\/\/www.cva-services.eu\/de\/wp-json\/wp\/v2\/pages\/1340\/revisions"}],"predecessor-version":[{"id":2423,"href":"https:\/\/www.cva-services.eu\/de\/wp-json\/wp\/v2\/pages\/1340\/revisions\/2423"}],"wp:attachment":[{"href":"https:\/\/www.cva-services.eu\/de\/wp-json\/wp\/v2\/media?parent=1340"}],"curies":[{"name":"wp","href":"https:\/\/api.w.org\/{rel}","templated":true}]}}