{"id":251,"date":"2016-04-18T21:00:50","date_gmt":"2016-04-18T19:00:50","guid":{"rendered":"http:\/\/dev.cvaservices.de\/?page_id=251"},"modified":"2021-06-02T12:29:23","modified_gmt":"2021-06-02T10:29:23","slug":"emir","status":"publish","type":"page","link":"https:\/\/www.cva-services.eu\/de\/emir","title":{"rendered":"EMIR"},"content":{"rendered":"<p>Die European Market Infrastructure Regulation ist eine EU-Verordnung zum Handel mit OTC-Derivaten. Sie ist seit dem August 2012 in Kraft und ihre Einhaltung wird von der ESMA \u00fcberwacht.<\/p>\n<p>EMIR verpflichtet im wesentlichen zu drei Dingen:<\/p>\n<ul>\n<li>Clearingpflicht f\u00fcr Standard-Derivatgesch\u00e4fte: Standardisierte OTC-Derivate m\u00fcssen \u00fcber eine Central Counterparty (CCP) abgewickelt werden<\/li>\n<li>Auch bei allen anderen OTC-Derivaten sind bestimmte Anforderungen an das Risikomanagement zu beachten<\/li>\n<li>Alle OTC-Derivatgesch\u00e4fte sind an ein \u201eTrade-Repository\u201c zu melden<\/li>\n<\/ul>\n<p>Damit soll der Handel mit au\u00dferb\u00f6rslichen Derivaten transparenter und sicherer gestaltet werden.<\/p>","protected":false},"excerpt":{"rendered":"<p>Die European Market Infrastructure Regulation ist eine EU-Verordnung zum Handel mit OTC-Derivaten. Sie ist seit dem August 2012 in Kraft und ihre Einhaltung wird von der ESMA \u00fcberwacht. EMIR verpflichtet im wesentlichen zu drei Dingen: Clearingpflicht f\u00fcr Standard-Derivatgesch\u00e4fte: Standardisierte OTC-Derivate m\u00fcssen \u00fcber eine Central Counterparty (CCP) abgewickelt werden Auch bei allen anderen OTC-Derivaten sind bestimmte<\/p>\n<div><a class=\"btn-filled btn\" href=\"https:\/\/www.cva-services.eu\/de\/emir\" title=\"EMIR\">Weiterlesen<\/a><\/div>\n","protected":false},"author":15,"featured_media":0,"parent":0,"menu_order":0,"comment_status":"closed","ping_status":"closed","template":"page-templates\/sidebar-right.php","meta":{"spay_email":"","footnotes":""},"yoast_head":"<!-- This site is optimized with the Yoast SEO plugin v16.4 - https:\/\/yoast.com\/wordpress\/plugins\/seo\/ -->\n<title>EMIR - CVA Services Gmbh<\/title>\n<meta name=\"robots\" content=\"index, follow, max-snippet:-1, max-image-preview:large, max-video-preview:-1\" \/>\n<link rel=\"canonical\" href=\"https:\/\/www.cva-services.eu\/emir\" \/>\n<meta property=\"og:locale\" content=\"de_DE\" \/>\n<meta property=\"og:type\" content=\"article\" \/>\n<meta property=\"og:title\" content=\"EMIR - CVA Services Gmbh\" \/>\n<meta property=\"og:description\" content=\"Die European Market Infrastructure Regulation ist eine EU-Verordnung zum Handel mit OTC-Derivaten. Sie ist seit dem August 2012 in Kraft und ihre Einhaltung wird von der ESMA \u00fcberwacht. EMIR verpflichtet im wesentlichen zu drei Dingen: Clearingpflicht f\u00fcr Standard-Derivatgesch\u00e4fte: Standardisierte OTC-Derivate m\u00fcssen \u00fcber eine Central Counterparty (CCP) abgewickelt werden Auch bei allen anderen OTC-Derivaten sind bestimmteWeiterlesen\" \/>\n<meta property=\"og:url\" content=\"https:\/\/www.cva-services.eu\/emir\" \/>\n<meta property=\"og:site_name\" content=\"CVA Services Gmbh\" \/>\n<meta property=\"article:modified_time\" content=\"2021-06-02T10:29:23+00:00\" \/>\n<meta name=\"twitter:card\" content=\"summary\" \/>\n<meta name=\"twitter:site\" content=\"@CVA_Services\" \/>\n<meta name=\"twitter:label1\" content=\"Gesch\u00e4tzte Lesezeit\" \/>\n\t<meta name=\"twitter:data1\" content=\"1\u00a0Minute\" \/>\n<script type=\"application\/ld+json\" class=\"yoast-schema-graph\">{\"@context\":\"https:\/\/schema.org\",\"@graph\":[{\"@type\":\"WebSite\",\"@id\":\"https:\/\/www.cva-services.eu\/de\/#website\",\"url\":\"https:\/\/www.cva-services.eu\/de\/\",\"name\":\"CVA Services Gmbh\",\"description\":\"Managing Financial Transformation\",\"potentialAction\":[{\"@type\":\"SearchAction\",\"target\":\"https:\/\/www.cva-services.eu\/de\/?s={search_term_string}\",\"query-input\":\"required name=search_term_string\"}],\"inLanguage\":\"de\"},{\"@type\":\"WebPage\",\"@id\":\"https:\/\/www.cva-services.eu\/emir#webpage\",\"url\":\"https:\/\/www.cva-services.eu\/emir\",\"name\":\"EMIR - CVA Services Gmbh\",\"isPartOf\":{\"@id\":\"https:\/\/www.cva-services.eu\/de\/#website\"},\"datePublished\":\"2016-04-18T19:00:50+00:00\",\"dateModified\":\"2021-06-02T10:29:23+00:00\",\"breadcrumb\":{\"@id\":\"https:\/\/www.cva-services.eu\/emir#breadcrumb\"},\"inLanguage\":\"de\",\"potentialAction\":[{\"@type\":\"ReadAction\",\"target\":[\"https:\/\/www.cva-services.eu\/emir\"]}]},{\"@type\":\"BreadcrumbList\",\"@id\":\"https:\/\/www.cva-services.eu\/emir#breadcrumb\",\"itemListElement\":[{\"@type\":\"ListItem\",\"position\":1,\"item\":{\"@type\":\"WebPage\",\"@id\":\"https:\/\/www.cva-services.eu\/de\/\",\"url\":\"https:\/\/www.cva-services.eu\/de\/\",\"name\":\"Startseite\"}},{\"@type\":\"ListItem\",\"position\":2,\"item\":{\"@id\":\"https:\/\/www.cva-services.eu\/emir#webpage\"}}]}]}<\/script>\n<!-- \/ Yoast SEO plugin. -->","jetpack_sharing_enabled":true,"jetpack_shortlink":"https:\/\/wp.me\/Pd7ImD-43","jetpack-related-posts":[{"id":1294,"url":"https:\/\/www.cva-services.eu\/de\/emir\/sftr-securities-financing-transactions-regulation","url_meta":{"origin":251,"position":0},"title":"Securities Financing Transactions Regulation (SFTR)","date":"Freitag, der 25. Mai 2018","format":false,"excerpt":"Was ist SFTR? Die Europ\u00e4ische Kommission hat im Januar 2016 die Verordnung \u00fcber die Meldung von Wertpapierfinanzierungsgesch\u00e4ften (SFTR) ver\u00f6ffentlicht (s. auch Verordnung (EU) Nr. 2015\/2365), die mehr Transparenz in Wertpapierleihe- und REPO-Gesch\u00e4fte bringen soll. Diese Verordnung ist aufgrund der Empfehlung des Finanzstabilit\u00e4tsrats (Financial Stability Board \u2013 FSB) und des Europ\u00e4ischen\u2026","rel":"","context":"\u00c4hnlicher Beitrag","img":{"alt_text":"","src":"https:\/\/i2.wp.com\/www.cva-services.eu\/wp-content\/uploads\/timeline_sftr_2019-1-300x169.png?resize=350%2C200&ssl=1","width":350,"height":200},"classes":[]},{"id":32,"url":"https:\/\/www.cva-services.eu\/de\/ueber-uns\/unsere-historie","url_meta":{"origin":251,"position":1},"title":"[:de]Unsere Historie[:en]CVA Services History[:]","date":"Freitag, der  1. April 2016","format":false,"excerpt":"Historie - ein \u00dcberblick \u00a0 Mai 2012 Gr\u00fcndung als FinTech Managed Services zur Berechnung von CVA (Credit Valuation Adjustments) \u00a0 September 2013 Signifikanter Ergebniszuwachs aus Beratungsleistungen \u00a0 Januar 2014 Fokussierung auf das Beratungsgesch\u00e4ft und Softwarepartnerschaften an Stelle von eigener Software-Lizenzvermarktung Einstieg von Wolfgang Ruthardt und Stefan Zur als gesch\u00e4ftsf\u00fchrende Gesellschafter\u2026","rel":"","context":"\u00c4hnlicher Beitrag","img":{"alt_text":"","src":"https:\/\/i1.wp.com\/www.cva-services.eu\/wp-content\/uploads\/Screen-Shot-2018-07-26-at-5.25.41-PM-300x208.png?resize=350%2C200&ssl=1","width":350,"height":200},"classes":[]},{"id":9,"url":"https:\/\/www.cva-services.eu\/de\/mifid-ii-mifir","url_meta":{"origin":251,"position":2},"title":"[:de]MiFID II \/ MiIFIR[:en]MiFID II \/ MiFIR[:]","date":"Freitag, der  1. April 2016","format":false,"excerpt":"MiFID II \/ MiFIR - Neue Regeln und neue Herausforderungen Die 2004 in Kraft getretene und seit November 2007 anzuwendende europ\u00e4ische Finanzmarktrichtlinie (Richtlinie 2004\/39\/EG), kurz MiFID bzw. nachfolgend MiFID I genannt, sollte die Wettbewerbsf\u00e4higkeit der EU-Finanzm\u00e4rkte durch Schaffung eines Binnenmarkts f\u00fcr Wertpapierdienstleistungen und Anlaget\u00e4tigkeiten verbessern. Ziel war es, f\u00fcr Anleger\u2026","rel":"","context":"\u00c4hnlicher Beitrag","img":{"alt_text":"","src":"https:\/\/i2.wp.com\/www.cva-services.eu\/wp-content\/uploads\/Mifid2.png?resize=350%2C200","width":350,"height":200},"classes":[]},{"id":235,"url":"https:\/\/www.cva-services.eu\/de\/mifid-ii-mifir\/emir-2-0","url_meta":{"origin":251,"position":3},"title":"EMIR 2.0","date":"Montag, der 18. April 2016","format":false,"excerpt":"European Market Infrastructure Regulation (EMIR) EMIR 2.0 ist analog zu Basel II in der Vergangenheit zu sehen. Heute ist unsere Kompetenz im Bereich Basel III unbestritten. Widerspr\u00fcche zwischen MiFID II und den EMIR Regulierungen bezeichnete die CVA Services GmbH als EMIR 2.0. Was wird sich zuk\u00fcnftig mit EMIR 2.0 \u00e4ndern?\u2026","rel":"","context":"\u00c4hnlicher Beitrag","img":{"alt_text":"","src":"https:\/\/i0.wp.com\/www.cva-services.eu\/wp-content\/uploads\/About-cvaservices-300x169.jpg?resize=350%2C200&ssl=1","width":350,"height":200},"classes":[]},{"id":38,"url":"https:\/\/www.cva-services.eu\/de\/ueber-uns\/unser-management","url_meta":{"origin":251,"position":4},"title":"[:de]Unser Management[:en]Management[:]","date":"Freitag, der  1. April 2016","format":false,"excerpt":"Unser Management stellt sich vor Stefan Zur ist Gesch\u00e4ftsf\u00fchrer und verantwortet den Bereich Business Analysis. Stefan Zur war Regional Manager in der DACH-Region und Osteuropa bei der Firma Quantifi Solutions Limited. Herr Zur startete seine Karriere bei State Street im Bereich Performance & Analytics f\u00fcr Asset Manager und institutionelle Investoren.\u2026","rel":"","context":"\u00c4hnlicher Beitrag","img":{"alt_text":"","src":"","width":0,"height":0},"classes":[]},{"id":7,"url":"https:\/\/www.cva-services.eu\/de\/credit-value-adjustments","url_meta":{"origin":251,"position":5},"title":"Credit Value Adjustments","date":"Freitag, der  1. April 2016","format":false,"excerpt":"Credit Valuation Adjustments (CVA) entsprechen der Differenz zwischen dem risikolosen Portfoliowert und dem m\u00f6glichen Ausfall einer Gegenpartei. Sie bestimmen damit den erwarteten Verlust aus dem Kreditrisiko eines Derivats. CVA ist eine Anforderung gem\u00e4\u00df Basel III, den Vorschriften des\u00a0Basler Ausschusses\u00a0der\u00a0Bank f\u00fcr Internationalen Zahlungsausgleich\u00a0(BIZ) zur\u00a0Regulierung von Banken. Nach International Financial Reporting Standards\u2026","rel":"","context":"\u00c4hnlicher Beitrag","img":{"alt_text":"","src":"","width":0,"height":0},"classes":[]}],"_links":{"self":[{"href":"https:\/\/www.cva-services.eu\/de\/wp-json\/wp\/v2\/pages\/251"}],"collection":[{"href":"https:\/\/www.cva-services.eu\/de\/wp-json\/wp\/v2\/pages"}],"about":[{"href":"https:\/\/www.cva-services.eu\/de\/wp-json\/wp\/v2\/types\/page"}],"author":[{"embeddable":true,"href":"https:\/\/www.cva-services.eu\/de\/wp-json\/wp\/v2\/users\/15"}],"replies":[{"embeddable":true,"href":"https:\/\/www.cva-services.eu\/de\/wp-json\/wp\/v2\/comments?post=251"}],"version-history":[{"count":6,"href":"https:\/\/www.cva-services.eu\/de\/wp-json\/wp\/v2\/pages\/251\/revisions"}],"predecessor-version":[{"id":2715,"href":"https:\/\/www.cva-services.eu\/de\/wp-json\/wp\/v2\/pages\/251\/revisions\/2715"}],"wp:attachment":[{"href":"https:\/\/www.cva-services.eu\/de\/wp-json\/wp\/v2\/media?parent=251"}],"curies":[{"name":"wp","href":"https:\/\/api.w.org\/{rel}","templated":true}]}}