{"id":1599,"date":"2018-07-23T15:57:08","date_gmt":"2018-07-23T13:57:08","guid":{"rendered":"https:\/\/www.cva-services.eu\/front-page"},"modified":"2020-07-29T17:06:39","modified_gmt":"2020-07-29T15:06:39","slug":"managing-financial-transformation","status":"publish","type":"page","link":"https:\/\/www.cva-services.eu\/en\/","title":{"rendered":"Managing Financial Transformation"},"content":{"rendered":"<p><img data-attachment-id=\"2298\" data-permalink=\"https:\/\/www.cva-services.eu\/en\/managing-financial-transformation\/cva_services\" data-orig-file=\"https:\/\/i2.wp.com\/www.cva-services.eu\/wp-content\/uploads\/CVA_Services.jpg?fit=1009%2C440&amp;ssl=1\" data-orig-size=\"1009,440\" data-comments-opened=\"0\" data-image-meta=\"{&quot;aperture&quot;:&quot;0&quot;,&quot;credit&quot;:&quot;&quot;,&quot;camera&quot;:&quot;&quot;,&quot;caption&quot;:&quot;&quot;,&quot;created_timestamp&quot;:&quot;0&quot;,&quot;copyright&quot;:&quot;&quot;,&quot;focal_length&quot;:&quot;0&quot;,&quot;iso&quot;:&quot;0&quot;,&quot;shutter_speed&quot;:&quot;0&quot;,&quot;title&quot;:&quot;&quot;,&quot;orientation&quot;:&quot;1&quot;}\" data-image-title=\"CVA_Services\" data-image-description=\"\" data-medium-file=\"https:\/\/i2.wp.com\/www.cva-services.eu\/wp-content\/uploads\/CVA_Services.jpg?fit=300%2C131&amp;ssl=1\" data-large-file=\"https:\/\/i2.wp.com\/www.cva-services.eu\/wp-content\/uploads\/CVA_Services.jpg?fit=1009%2C440&amp;ssl=1\" decoding=\"async\" loading=\"lazy\" class=\"alignnone size-medium wp-image-2298\" src=\"https:\/\/i2.wp.com\/www.cva-services.eu\/wp-content\/uploads\/CVA_Services.jpg?resize=300%2C131&#038;ssl=1\" alt=\"\" width=\"300\" height=\"131\" srcset=\"https:\/\/i2.wp.com\/www.cva-services.eu\/wp-content\/uploads\/CVA_Services.jpg?resize=300%2C131&amp;ssl=1 300w, https:\/\/i2.wp.com\/www.cva-services.eu\/wp-content\/uploads\/CVA_Services.jpg?resize=768%2C335&amp;ssl=1 768w, https:\/\/i2.wp.com\/www.cva-services.eu\/wp-content\/uploads\/CVA_Services.jpg?resize=620%2C268&amp;ssl=1 620w, https:\/\/i2.wp.com\/www.cva-services.eu\/wp-content\/uploads\/CVA_Services.jpg?resize=400%2C173&amp;ssl=1 400w, https:\/\/i2.wp.com\/www.cva-services.eu\/wp-content\/uploads\/CVA_Services.jpg?w=1009&amp;ssl=1 1009w\" sizes=\"(max-width: 300px) 100vw, 300px\" data-recalc-dims=\"1\" \/><\/p>\n","protected":false},"excerpt":{"rendered":"","protected":false},"author":15,"featured_media":0,"parent":0,"menu_order":0,"comment_status":"closed","ping_status":"closed","template":"page-templates\/template-home.php","meta":{"spay_email":"","footnotes":""},"yoast_head":"<!-- This site is optimized with the Yoast SEO plugin v16.4 - https:\/\/yoast.com\/wordpress\/plugins\/seo\/ -->\n<title>CVA Services GmbH | Managing Financial Transformation<\/title>\n<meta name=\"description\" content=\"{:de}Beratungsunternehmen f\u00fcr Risiko-Management. Wir fokussieren uns auf die Umsetzung von L\u00f6sungen f\u00fcr Marktpreisrisiken, Kreditrisiken, Liquidit\u00e4tsrisiken uvm.{:en}Consultancy focusing on transforming strategies and regulatory requirements into the day-to-day operations of banks and financial institutions{:}\" \/>\n<meta name=\"robots\" content=\"index, follow, max-snippet:-1, max-image-preview:large, max-video-preview:-1\" \/>\n<link rel=\"canonical\" href=\"https:\/\/www.cva-services.eu\/de\/\" \/>\n<meta property=\"og:locale\" content=\"en_US\" \/>\n<meta property=\"og:type\" content=\"article\" \/>\n<meta property=\"og:title\" content=\"CVA Services GmbH | Managing Financial Transformation\" \/>\n<meta property=\"og:description\" content=\"{:de}Beratungsunternehmen f\u00fcr Risiko-Management. Wir fokussieren uns auf die Umsetzung von L\u00f6sungen f\u00fcr Marktpreisrisiken, Kreditrisiken, Liquidit\u00e4tsrisiken uvm.{:en}Consultancy focusing on transforming strategies and regulatory requirements into the day-to-day operations of banks and financial institutions{:}\" \/>\n<meta property=\"og:url\" content=\"https:\/\/www.cva-services.eu\/de\/\" \/>\n<meta property=\"og:site_name\" content=\"CVA Services Gmbh\" \/>\n<meta property=\"article:modified_time\" content=\"2020-07-29T15:06:39+00:00\" \/>\n<meta property=\"og:image\" content=\"https:\/\/www.cva-services.eu\/wp-content\/uploads\/CVA_Services-300x131.jpg\" \/>\n<meta name=\"twitter:card\" content=\"summary\" \/>\n<meta name=\"twitter:site\" content=\"@CVA_Services\" \/>\n<script type=\"application\/ld+json\" class=\"yoast-schema-graph\">{\"@context\":\"https:\/\/schema.org\",\"@graph\":[{\"@type\":\"WebSite\",\"@id\":\"https:\/\/www.cva-services.eu\/de\/#website\",\"url\":\"https:\/\/www.cva-services.eu\/de\/\",\"name\":\"CVA Services Gmbh\",\"description\":\"Managing Financial Transformation\",\"potentialAction\":[{\"@type\":\"SearchAction\",\"target\":\"https:\/\/www.cva-services.eu\/de\/?s={search_term_string}\",\"query-input\":\"required name=search_term_string\"}],\"inLanguage\":\"en-US\"},{\"@type\":\"ImageObject\",\"@id\":\"https:\/\/www.cva-services.eu\/de\/#primaryimage\",\"inLanguage\":\"en-US\",\"url\":\"https:\/\/i2.wp.com\/www.cva-services.eu\/wp-content\/uploads\/CVA_Services.jpg?fit=1009%2C440&ssl=1\",\"contentUrl\":\"https:\/\/i2.wp.com\/www.cva-services.eu\/wp-content\/uploads\/CVA_Services.jpg?fit=1009%2C440&ssl=1\",\"width\":1009,\"height\":440},{\"@type\":\"WebPage\",\"@id\":\"https:\/\/www.cva-services.eu\/de\/#webpage\",\"url\":\"https:\/\/www.cva-services.eu\/de\/\",\"name\":\"CVA Services GmbH | Managing Financial Transformation\",\"isPartOf\":{\"@id\":\"https:\/\/www.cva-services.eu\/de\/#website\"},\"primaryImageOfPage\":{\"@id\":\"https:\/\/www.cva-services.eu\/de\/#primaryimage\"},\"datePublished\":\"2018-07-23T13:57:08+00:00\",\"dateModified\":\"2020-07-29T15:06:39+00:00\",\"description\":\"{:de}Beratungsunternehmen f\\u00fcr Risiko-Management. Wir fokussieren uns auf die Umsetzung von L\\u00f6sungen f\\u00fcr Marktpreisrisiken, Kreditrisiken, Liquidit\\u00e4tsrisiken uvm.{:en}Consultancy focusing on transforming strategies and regulatory requirements into the day-to-day operations of banks and financial institutions{:}\",\"breadcrumb\":{\"@id\":\"https:\/\/www.cva-services.eu\/de\/#breadcrumb\"},\"inLanguage\":\"en-US\",\"potentialAction\":[{\"@type\":\"ReadAction\",\"target\":[\"https:\/\/www.cva-services.eu\/de\/\"]}]},{\"@type\":\"BreadcrumbList\",\"@id\":\"https:\/\/www.cva-services.eu\/de\/#breadcrumb\",\"itemListElement\":[{\"@type\":\"ListItem\",\"position\":1,\"item\":{\"@type\":\"WebPage\",\"@id\":\"https:\/\/www.cva-services.eu\/de\/\",\"url\":\"https:\/\/www.cva-services.eu\/de\/\",\"name\":\"Startseite\"}},{\"@type\":\"ListItem\",\"position\":2,\"item\":{\"@id\":\"https:\/\/www.cva-services.eu\/de\/#webpage\"}}]}]}<\/script>\n<!-- \/ Yoast SEO plugin. -->","jetpack_sharing_enabled":true,"jetpack_shortlink":"https:\/\/wp.me\/Pd7ImD-pN","jetpack-related-posts":[{"id":34,"url":"https:\/\/www.cva-services.eu\/en\/unser-angebot","url_meta":{"origin":1599,"position":0},"title":"[:de]Unser Angebot[:en]Proposition[:]","date":"Friday April  1st, 2016","format":false,"excerpt":"Our Consultants Financial Engineers calibrate your mathematical models. Business Analysts define your business requirements and adequate solutions. Integration Engineers implement your business concepts\u00a0within your IT. Managing Financial Transformation - Services beyond FinTech","rel":"","context":"Similar post","img":{"alt_text":"","src":"https:\/\/i1.wp.com\/www.cva-services.eu\/wp-content\/uploads\/Screen-Shot-2018-07-26-at-5.25.41-PM.png?resize=350%2C200&ssl=1","width":350,"height":200},"classes":[]},{"id":1346,"url":"https:\/\/www.cva-services.eu\/en\/accounting-transformation","url_meta":{"origin":1599,"position":1},"title":"Accounting Transformation","date":"Saturday June  2nd, 2018","format":false,"excerpt":"Regulatory Transformation is closely connected to the external financial reporting of entities. A firm understanding of the challenges posed under for example IFRS 9, IFRS 13 or KARBV is of the essence in order to assure a high quality Accounting Transformation in conformity with all relevant rules and regulations. CVA\u2026","rel":"","context":"Similar post","img":{"alt_text":"","src":"","width":0,"height":0},"classes":[]},{"id":38,"url":"https:\/\/www.cva-services.eu\/en\/ueber-uns\/unser-management","url_meta":{"origin":1599,"position":2},"title":"[:de]Unser Management[:en]Management[:]","date":"Friday April  1st, 2016","format":false,"excerpt":"\u00a0 Stefan Zur is Managing Director\u00a0and responsible for our department Business Analysis. Stefan Zur used to be Regional Manager\u00a0for Quantifi Solutions. Stefan started his career at State Street.\u00a0He used to work for RiskMetrics Group and was responsible for OTC-Clearing at Calypso Technology. At BNY Mellon he supported the sales activities\u2026","rel":"","context":"Similar post","img":{"alt_text":"","src":"","width":0,"height":0},"classes":[]},{"id":1340,"url":"https:\/\/www.cva-services.eu\/en\/risk-dynamics","url_meta":{"origin":1599,"position":3},"title":"Risk Dynamics","date":"Saturday June  2nd, 2018","format":false,"excerpt":"Risk Dynamics and its dynamic impact By combining quantitative skills, quantitative know-how, IT-affinity and business grasp together we help our clients in the financial industries not only to be regulatory compliant, but also have additional value. The quantification of risks is a dynamic process between our clients and our solutions.\u2026","rel":"","context":"Similar post","img":{"alt_text":"","src":"https:\/\/i1.wp.com\/www.cva-services.eu\/wp-content\/uploads\/Bild_dreiExpertise-300x200.png?resize=350%2C200&ssl=1","width":350,"height":200},"classes":[]},{"id":16,"url":"https:\/\/www.cva-services.eu\/en\/karriere","url_meta":{"origin":1599,"position":4},"title":"[:de]Karriere[:en]Career[:]","date":"Friday April  1st, 2016","format":false,"excerpt":"Our headquarters are based in Germany. We are open to non-German speaking experts. Nevertheless you should consider to move to Germany. Therefore we decided to publish our open positions in German only: Unsere Kunden agieren in einem herausfordernden und hoch kompetitiven Umfeld. Sie vertrauen uns Projekte an, in denen sich\u2026","rel":"","context":"Similar post","img":{"alt_text":"","src":"","width":0,"height":0},"classes":[]},{"id":883,"url":"https:\/\/www.cva-services.eu\/en\/mifid-ii-fuer-die-kvg","url_meta":{"origin":1599,"position":5},"title":"[:de]MiFID II f\u00fcr die KVG [:en]MiFID II for management companies[:]","date":"Friday June 30th, 2017","format":false,"excerpt":"Management companies and MiFID II At first glance, it may seem that management companies are exempt from the regulations of MiFID II, as it is stated in article 2(i) that \u201ccollective investment undertakings and pension funds whether or not coordinated at Union level, and the depositaries or managers of such\u2026","rel":"","context":"Similar post","img":{"alt_text":"","src":"https:\/\/i0.wp.com\/www.cva-services.eu\/wp-content\/uploads\/MiFID2-f\u00c3\u00bcr-die-KVG-300x169.png?resize=350%2C200&ssl=1","width":350,"height":200},"classes":[]}],"_links":{"self":[{"href":"https:\/\/www.cva-services.eu\/en\/wp-json\/wp\/v2\/pages\/1599"}],"collection":[{"href":"https:\/\/www.cva-services.eu\/en\/wp-json\/wp\/v2\/pages"}],"about":[{"href":"https:\/\/www.cva-services.eu\/en\/wp-json\/wp\/v2\/types\/page"}],"author":[{"embeddable":true,"href":"https:\/\/www.cva-services.eu\/en\/wp-json\/wp\/v2\/users\/15"}],"replies":[{"embeddable":true,"href":"https:\/\/www.cva-services.eu\/en\/wp-json\/wp\/v2\/comments?post=1599"}],"version-history":[{"count":3,"href":"https:\/\/www.cva-services.eu\/en\/wp-json\/wp\/v2\/pages\/1599\/revisions"}],"predecessor-version":[{"id":2368,"href":"https:\/\/www.cva-services.eu\/en\/wp-json\/wp\/v2\/pages\/1599\/revisions\/2368"}],"wp:attachment":[{"href":"https:\/\/www.cva-services.eu\/en\/wp-json\/wp\/v2\/media?parent=1599"}],"curies":[{"name":"wp","href":"https:\/\/api.w.org\/{rel}","templated":true}]}}