{"id":16,"date":"2016-04-01T14:26:23","date_gmt":"2016-04-01T12:26:23","guid":{"rendered":"http:\/\/web48.server10.lombego.de\/?page_id=16"},"modified":"2020-12-22T13:07:51","modified_gmt":"2020-12-22T12:07:51","slug":"karriere","status":"publish","type":"page","link":"https:\/\/www.cva-services.eu\/en\/karriere","title":{"rendered":"Career"},"content":{"rendered":"<p>Our headquarters are based in Germany. We are open to non-German speaking experts. Nevertheless you should consider to move to Germany. Therefore we decided to publish our open positions in German only:<\/p>\n<p>Unsere Kunden agieren in einem herausfordernden und hoch kompetitiven Umfeld. Sie vertrauen uns Projekte an, in denen sich der dynamische Status ihrer Branche spiegelt \u2013 zum Beispiel die Komplexit\u00e4t durch wachsende Regulierung, der Kostendruck oder die technologische Entwicklung.<\/p>\n<p>Unsere Antwort auf diese Dynamik besteht nicht nur in einem hohen professionellen Engagement, sondern auch in einer nie nachlassenden Lernbereitschaft. Wir haben an uns selbst den Anspruch, mit unserem Wissen und K\u00f6nnen zur Spitze zu geh\u00f6ren. F\u00fcr Sie bedeutet dies ein abwechslungsreiches Umfeld mit immer wieder spannenden Aufgaben.<\/p>\n<p>Wir achten darauf, dass unsere Mitarbeiterinnen und Mitarbeitern bei uns alle Voraussetzungen finden, um erfolgreich zu sein und pers\u00f6nlich wachsen zu k\u00f6nnen. Es liegt uns viel daran, dass jeder von uns im Laufe der Jahre nicht nur seinen beruflichen Erfolg ausbauen kann, sondern dabei auch eine qualitativ fundierte Entwicklung nimmt.<\/p>\n<p>Sie suchen eine neue Herausforderung und sind einige der unten beschriebenen Punkte Teil Ihres Profils?<\/p>\n<h3>Hochschulabschluss in einer der folgenden Disziplinen:<\/h3>\n<ul>\n<li>Mathematik, Physik oder einer anderen Naturwissenschaftlichen Disziplin<\/li>\n<li>Betriebs- oder Volkswirtschaftslehre \/ \u00d6konomie<\/li>\n<li>Informatik oder Wirtschaftsingenieurwesen<\/li>\n<\/ul>\n<h3>Mehrj\u00e4hrige Berufserfahrung in den Bereichen:<\/h3>\n<ul>\n<li>Marktpreis-, Kredit- oder Liquidit\u00e4tsrisikomanagement<\/li>\n<li>Handelsgesch\u00e4ft, inklusive Handelsabwicklung<\/li>\n<li>Kreditgesch\u00e4ft, inklusive Kreditabwicklung<\/li>\n<li>Compliance und Legal<\/li>\n<li>Corporate Finance<\/li>\n<\/ul>\n<h3>Spa\u00df daran<\/h3>\n<ul>\n<li>komplexe Probleme in begrenztem Zeitrahmen zu l\u00f6sen<\/li>\n<li>L\u00f6sungsans\u00e4tze aktiv zu diskutieren und zu vermitteln<\/li>\n<li>unmittelbar mit unseren anspruchsvollen Kunden zu arbeiten<\/li>\n<\/ul>\n<p>Wenn Sie eine hohe Korrelation zwischen Ihren bisherigen beruflichen Erfahrungen und unserem T\u00e4tigkeitsumfeld feststellen, freuen wir uns, wenn Sie die Initiative ergreifen und uns ansprechen. Am schnellsten einfach per E-Mail an <a href=\"mailto:info@cvaservices.eu\">info@cvaservices.eu<\/a><\/p>\n<h3>Aktuelle Stellenangebote:<\/h3>\n<ul>\n<li><a href=\"https:\/\/www.cva-services.eu\/wp-content\/uploads\/Stellenbeschreibung-Financial-Engineer.pdf\" target=\"_blank\" rel=\"noopener noreferrer\">Financial Engineer<\/a><\/li>\n<li><a href=\"https:\/\/www.cva-services.eu\/wp-content\/uploads\/Stellenbeschreibung-Business-Analyst.pdf\" target=\"_blank\" rel=\"noopener noreferrer\">Business Analyst<\/a><\/li>\n<li><a href=\"https:\/\/www.cva-services.eu\/wp-content\/uploads\/Stellenbeschreibung-Integration-Engineer.pdf\" target=\"_blank\" rel=\"noopener noreferrer\">Integration Engineer<\/a><\/li>\n<\/ul>\n<p>&nbsp;<\/p>","protected":false},"excerpt":{"rendered":"<p>Our headquarters are based in Germany. We are open to non-German speaking experts. Nevertheless you should consider to move to Germany. Therefore we decided to publish our open positions in German only: Unsere Kunden agieren in einem herausfordernden und hoch kompetitiven Umfeld. Sie vertrauen uns Projekte an, in denen sich der dynamische Status ihrer Branche<\/p>\n<div><a class=\"btn-filled btn\" href=\"https:\/\/www.cva-services.eu\/en\/karriere\" title=\"Career\">Read More<\/a><\/div>\n","protected":false},"author":15,"featured_media":0,"parent":0,"menu_order":4,"comment_status":"closed","ping_status":"closed","template":"","meta":{"spay_email":"","footnotes":""},"yoast_head":"<!-- This site is optimized with the Yoast SEO plugin v16.4 - https:\/\/yoast.com\/wordpress\/plugins\/seo\/ -->\n<title>Karriere bei CVA Services - Stellenangebote<\/title>\n<meta name=\"description\" content=\"Sie suchen eine neue Herausforderung? Sie haben Spa\u00df daran, komplexe Probleme zu l\u00f6sen? Entdecken Sie unsere aktuellen Stellenangebote.\" \/>\n<meta name=\"robots\" content=\"index, follow, max-snippet:-1, max-image-preview:large, max-video-preview:-1\" \/>\n<link rel=\"canonical\" href=\"https:\/\/www.cva-services.eu\/de\/karriere\" \/>\n<meta property=\"og:locale\" content=\"en_US\" \/>\n<meta property=\"og:type\" content=\"article\" \/>\n<meta property=\"og:title\" content=\"Karriere bei CVA Services - Stellenangebote\" \/>\n<meta property=\"og:description\" content=\"Sie suchen eine neue Herausforderung? Sie haben Spa\u00df daran, komplexe Probleme zu l\u00f6sen? Entdecken Sie unsere aktuellen Stellenangebote.\" \/>\n<meta property=\"og:url\" content=\"https:\/\/www.cva-services.eu\/de\/karriere\" \/>\n<meta property=\"og:site_name\" content=\"CVA Services Gmbh\" \/>\n<meta property=\"article:modified_time\" content=\"2020-12-22T12:07:51+00:00\" \/>\n<meta name=\"twitter:card\" content=\"summary\" \/>\n<meta name=\"twitter:site\" content=\"@CVA_Services\" \/>\n<meta name=\"twitter:label1\" content=\"Est. reading time\" \/>\n\t<meta name=\"twitter:data1\" content=\"3 minutes\" \/>\n<script type=\"application\/ld+json\" class=\"yoast-schema-graph\">{\"@context\":\"https:\/\/schema.org\",\"@graph\":[{\"@type\":\"WebSite\",\"@id\":\"https:\/\/www.cva-services.eu\/de\/#website\",\"url\":\"https:\/\/www.cva-services.eu\/de\/\",\"name\":\"CVA Services Gmbh\",\"description\":\"Managing Financial Transformation\",\"potentialAction\":[{\"@type\":\"SearchAction\",\"target\":\"https:\/\/www.cva-services.eu\/de\/?s={search_term_string}\",\"query-input\":\"required name=search_term_string\"}],\"inLanguage\":\"en-US\"},{\"@type\":\"WebPage\",\"@id\":\"https:\/\/www.cva-services.eu\/de\/karriere#webpage\",\"url\":\"https:\/\/www.cva-services.eu\/de\/karriere\",\"name\":\"Karriere bei CVA Services - Stellenangebote\",\"isPartOf\":{\"@id\":\"https:\/\/www.cva-services.eu\/de\/#website\"},\"datePublished\":\"2016-04-01T12:26:23+00:00\",\"dateModified\":\"2020-12-22T12:07:51+00:00\",\"description\":\"Sie suchen eine neue Herausforderung? Sie haben Spa\\u00df daran, komplexe Probleme zu l\\u00f6sen? Entdecken Sie unsere aktuellen Stellenangebote.\",\"breadcrumb\":{\"@id\":\"https:\/\/www.cva-services.eu\/de\/karriere#breadcrumb\"},\"inLanguage\":\"en-US\",\"potentialAction\":[{\"@type\":\"ReadAction\",\"target\":[\"https:\/\/www.cva-services.eu\/de\/karriere\"]}]},{\"@type\":\"BreadcrumbList\",\"@id\":\"https:\/\/www.cva-services.eu\/de\/karriere#breadcrumb\",\"itemListElement\":[{\"@type\":\"ListItem\",\"position\":1,\"item\":{\"@type\":\"WebPage\",\"@id\":\"https:\/\/www.cva-services.eu\/de\/\",\"url\":\"https:\/\/www.cva-services.eu\/de\/\",\"name\":\"Startseite\"}},{\"@type\":\"ListItem\",\"position\":2,\"item\":{\"@id\":\"https:\/\/www.cva-services.eu\/de\/karriere#webpage\"}}]}]}<\/script>\n<!-- \/ Yoast SEO plugin. -->","jetpack_sharing_enabled":true,"jetpack_shortlink":"https:\/\/wp.me\/Pd7ImD-g","jetpack-related-posts":[{"id":1340,"url":"https:\/\/www.cva-services.eu\/en\/risk-dynamics","url_meta":{"origin":16,"position":0},"title":"Risk Dynamics","date":"Saturday June  2nd, 2018","format":false,"excerpt":"Risk Dynamics and its dynamic impact By combining quantitative skills, quantitative know-how, IT-affinity and business grasp together we help our clients in the financial industries not only to be regulatory compliant, but also have additional value. The quantification of risks is a dynamic process between our clients and our solutions.\u2026","rel":"","context":"Similar post","img":{"alt_text":"","src":"https:\/\/i1.wp.com\/www.cva-services.eu\/wp-content\/uploads\/Bild_dreiExpertise-300x200.png?resize=350%2C200&ssl=1","width":350,"height":200},"classes":[]},{"id":1201,"url":"https:\/\/www.cva-services.eu\/en\/bigdata-banking","url_meta":{"origin":16,"position":1},"title":"[:de]Big Data Banking[:en]Big Data in Banking[:]","date":"Thursday March  1st, 2018","format":false,"excerpt":"Big Data Banking wird von uns mittels folgender f\u00fcnf Eigenschaften definiert: Volume \u2013 Datenvolumen\/-menge, Variety \u2013 Vielfalt an Datentypen und -quellen Velocity \u2013 Geschwindigkeit der Datenverarbeitung Validity\/Veracity \u2013 Richtigkeit d.h. Datenqualit\u00e4t wie auch Wahrhaftigkeit und Glaubw\u00fcrdigkeit der Daten Business Value \u2013 der Mehrwert f\u00fcr ein Unternehmen Unter Banking subsumieren wir\u2026","rel":"","context":"Similar post","img":{"alt_text":"","src":"https:\/\/i1.wp.com\/www.cva-services.eu\/wp-content\/uploads\/Screen-Shot-2018-04-15-at-1.53.23-PM.png?resize=350%2C200&ssl=1","width":350,"height":200},"classes":[]},{"id":353,"url":"https:\/\/www.cva-services.eu\/en\/code-of-conduct","url_meta":{"origin":16,"position":2},"title":"Code of Conduct","date":"Wednesday April 20th, 2016","format":false,"excerpt":"Sorry, this entry is only available in German.Pr\u00e4ambel Die CVA Services GmbH (CVA) ist sich ihrer sozialen und \u00f6kologischen Verantwortung bewusst und sieht sich den Grunds\u00e4tzen der Nachhaltigkeit verpflichtet. Dieser Code of Conduct definiert die Grunds\u00e4tze und Anforderungen von CVA an ihre Lieferanten von Produkten und Dienstleistungen bez\u00fcglich ihrer Verantwortung\u2026","rel":"","context":"Similar post","img":{"alt_text":"","src":"","width":0,"height":0},"classes":[]},{"id":2564,"url":"https:\/\/www.cva-services.eu\/en\/risk-dynamics\/liquiditaetsrisiko-und-die-liquiditaetsspirale","url_meta":{"origin":16,"position":3},"title":"[:de]Liquidit\u00e4tsrisiko und die Liquidit\u00e4tsspirale[:]","date":"Monday March 11th, 2019","format":false,"excerpt":"Sorry, this entry is only available in German.Liquidit\u00e4tsrisiko eines Investmentfonds Das Liquidit\u00e4tsrisiko f\u00fcr Kapitalverwaltungsgesellschaften (KVG) ergibt sich aus dem Liquidit\u00e4tsrisiko f\u00fcr Investmentfonds. Zahlungsverpflichtungen eines Fonds sind in der Regel kurzfristig, jedoch investiert der Fonds oftmals in langfristige sowie illiquide Verm\u00f6genswerte. Dadurch entsteht ein Risiko den Zahlungsverpflichtungen \/ R\u00fcckgabeverlangen der Anleger\u2026","rel":"","context":"Similar post","img":{"alt_text":"","src":"https:\/\/i0.wp.com\/www.cva-services.eu\/wp-content\/uploads\/Liquidit\u00c3\u00a4tsmanagement_Ausgangspunkt-Regulatorische-Ma\u00c3\u009fnahmen-1024x624.png?resize=350%2C200&ssl=1","width":350,"height":200},"classes":[]},{"id":2395,"url":"https:\/\/www.cva-services.eu\/en\/datenschutzerklaerung","url_meta":{"origin":16,"position":4},"title":"[:de]Datenschutzerkl\u00e4rung[:en]Privacy Policy[:]","date":"Thursday August 16th, 2018","format":false,"excerpt":"We are very delighted that you have shown interest in our enterprise. Data protection is of a particularly high priority for the management of the CVA Services GmbH. The use of the Internet pages of the CVA Services GmbH is possible without any indication of personal data; however, if a\u2026","rel":"","context":"Similar post","img":{"alt_text":"","src":"","width":0,"height":0},"classes":[]},{"id":9,"url":"https:\/\/www.cva-services.eu\/en\/mifid-ii-mifir","url_meta":{"origin":16,"position":5},"title":"[:de]MiFID II \/ MiIFIR[:en]MiFID II \/ MiFIR[:]","date":"Friday April  1st, 2016","format":false,"excerpt":"MiFID II \/ MiFIR \u2013 New rules and new challenges Directive 2004\/39\/EC on markets in financial instruments (in short MiFID and henceforth referred to as MiFID I) came into force in 2004 and is applicable since 2007. The aim of the directive was to ameliorate the competitiveness of the European\u2026","rel":"","context":"Similar post","img":{"alt_text":"","src":"https:\/\/i2.wp.com\/www.cva-services.eu\/wp-content\/uploads\/Mifid2.png?resize=350%2C200","width":350,"height":200},"classes":[]}],"_links":{"self":[{"href":"https:\/\/www.cva-services.eu\/en\/wp-json\/wp\/v2\/pages\/16"}],"collection":[{"href":"https:\/\/www.cva-services.eu\/en\/wp-json\/wp\/v2\/pages"}],"about":[{"href":"https:\/\/www.cva-services.eu\/en\/wp-json\/wp\/v2\/types\/page"}],"author":[{"embeddable":true,"href":"https:\/\/www.cva-services.eu\/en\/wp-json\/wp\/v2\/users\/15"}],"replies":[{"embeddable":true,"href":"https:\/\/www.cva-services.eu\/en\/wp-json\/wp\/v2\/comments?post=16"}],"version-history":[{"count":22,"href":"https:\/\/www.cva-services.eu\/en\/wp-json\/wp\/v2\/pages\/16\/revisions"}],"predecessor-version":[{"id":2689,"href":"https:\/\/www.cva-services.eu\/en\/wp-json\/wp\/v2\/pages\/16\/revisions\/2689"}],"wp:attachment":[{"href":"https:\/\/www.cva-services.eu\/en\/wp-json\/wp\/v2\/media?parent=16"}],"curies":[{"name":"wp","href":"https:\/\/api.w.org\/{rel}","templated":true}]}}