{"id":38,"date":"2016-04-01T15:57:35","date_gmt":"2016-04-01T13:57:35","guid":{"rendered":"http:\/\/dev.cvaservices.de\/?page_id=38"},"modified":"2021-06-02T11:52:34","modified_gmt":"2021-06-02T09:52:34","slug":"unser-management","status":"publish","type":"page","link":"https:\/\/www.cva-services.eu\/en\/ueber-uns\/unser-management","title":{"rendered":"Management"},"content":{"rendered":"<p><img data-attachment-id=\"203\" data-permalink=\"https:\/\/www.cva-services.eu\/en\/ueber-uns\/unser-management\/stefanzur\" data-orig-file=\"https:\/\/i1.wp.com\/www.cva-services.eu\/wp-content\/uploads\/StefanZur.png?fit=1001%2C667&amp;ssl=1\" data-orig-size=\"1001,667\" data-comments-opened=\"1\" data-image-meta=\"{&quot;aperture&quot;:&quot;0&quot;,&quot;credit&quot;:&quot;&quot;,&quot;camera&quot;:&quot;&quot;,&quot;caption&quot;:&quot;&quot;,&quot;created_timestamp&quot;:&quot;0&quot;,&quot;copyright&quot;:&quot;&quot;,&quot;focal_length&quot;:&quot;0&quot;,&quot;iso&quot;:&quot;0&quot;,&quot;shutter_speed&quot;:&quot;0&quot;,&quot;title&quot;:&quot;&quot;,&quot;orientation&quot;:&quot;0&quot;}\" data-image-title=\"Stefan Zur\" data-image-description=\"\" data-medium-file=\"https:\/\/i1.wp.com\/www.cva-services.eu\/wp-content\/uploads\/StefanZur.png?fit=300%2C200&amp;ssl=1\" data-large-file=\"https:\/\/i1.wp.com\/www.cva-services.eu\/wp-content\/uploads\/StefanZur.png?fit=1001%2C667&amp;ssl=1\" decoding=\"async\" loading=\"lazy\" class=\"wp-image-203 alignleft\" src=\"https:\/\/i1.wp.com\/www.cva-services.eu\/wp-content\/uploads\/StefanZur.png?resize=233%2C155&#038;ssl=1\" alt=\"StefanZur\" width=\"233\" height=\"155\" srcset=\"https:\/\/i1.wp.com\/www.cva-services.eu\/wp-content\/uploads\/StefanZur.png?resize=300%2C200&amp;ssl=1 300w, https:\/\/i1.wp.com\/www.cva-services.eu\/wp-content\/uploads\/StefanZur.png?resize=768%2C512&amp;ssl=1 768w, https:\/\/i1.wp.com\/www.cva-services.eu\/wp-content\/uploads\/StefanZur.png?w=1001&amp;ssl=1 1001w\" sizes=\"(max-width: 233px) 100vw, 233px\" data-recalc-dims=\"1\" \/><\/p>\n<p>&nbsp;<\/p>\n<p><strong>Stefan Zur<\/strong> is Managing Director\u00a0and responsible for our department Business Analysis. Stefan Zur used to be Regional Manager\u00a0for Quantifi Solutions. Stefan started his career at State Street.\u00a0He used to work for RiskMetrics Group and was responsible for OTC-Clearing at Calypso Technology. At BNY Mellon he supported the sales activities for Clearing- and Collateral-Management-Services.<\/p>\n<p>&nbsp;<\/p>\n<p>&nbsp;<\/p>\n<p><img data-attachment-id=\"205\" data-permalink=\"https:\/\/www.cva-services.eu\/en\/ueber-uns\/unser-management\/wolfgangruthardt\" data-orig-file=\"https:\/\/i1.wp.com\/www.cva-services.eu\/wp-content\/uploads\/WolfgangRuthardt.png?fit=1001%2C667&amp;ssl=1\" data-orig-size=\"1001,667\" data-comments-opened=\"1\" data-image-meta=\"{&quot;aperture&quot;:&quot;0&quot;,&quot;credit&quot;:&quot;&quot;,&quot;camera&quot;:&quot;&quot;,&quot;caption&quot;:&quot;&quot;,&quot;created_timestamp&quot;:&quot;0&quot;,&quot;copyright&quot;:&quot;&quot;,&quot;focal_length&quot;:&quot;0&quot;,&quot;iso&quot;:&quot;0&quot;,&quot;shutter_speed&quot;:&quot;0&quot;,&quot;title&quot;:&quot;&quot;,&quot;orientation&quot;:&quot;0&quot;}\" data-image-title=\"Wolfgang Ruthardt\" data-image-description=\"\" data-medium-file=\"https:\/\/i1.wp.com\/www.cva-services.eu\/wp-content\/uploads\/WolfgangRuthardt.png?fit=300%2C200&amp;ssl=1\" data-large-file=\"https:\/\/i1.wp.com\/www.cva-services.eu\/wp-content\/uploads\/WolfgangRuthardt.png?fit=1001%2C667&amp;ssl=1\" decoding=\"async\" loading=\"lazy\" class=\"wp-image-205 alignright\" src=\"https:\/\/i1.wp.com\/www.cva-services.eu\/wp-content\/uploads\/WolfgangRuthardt.png?resize=233%2C155&#038;ssl=1\" alt=\"WolfgangRuthardt\" width=\"233\" height=\"155\" srcset=\"https:\/\/i1.wp.com\/www.cva-services.eu\/wp-content\/uploads\/WolfgangRuthardt.png?resize=300%2C200&amp;ssl=1 300w, https:\/\/i1.wp.com\/www.cva-services.eu\/wp-content\/uploads\/WolfgangRuthardt.png?resize=768%2C512&amp;ssl=1 768w, https:\/\/i1.wp.com\/www.cva-services.eu\/wp-content\/uploads\/WolfgangRuthardt.png?w=1001&amp;ssl=1 1001w\" sizes=\"(max-width: 233px) 100vw, 233px\" data-recalc-dims=\"1\" \/><\/p>\n<p>&nbsp;<\/p>\n<p><strong>Wolfgang Ruthardt <\/strong>is Managing Director\u00a0and responsible for our department Integration Services. Wolfgang Ruthardt\u00a0has been working in the financial industry for more than\u00a020 years. He was executive manager for nova data AG and entory AG. Before joining CVA Services GmbH he was Managing Director<b>\u00a0<\/b>at COINOR AG.<\/p>\n<p><\/p>","protected":false},"excerpt":{"rendered":"<p>&nbsp; Stefan Zur is Managing Director\u00a0and responsible for our department Business Analysis. Stefan Zur used to be Regional Manager\u00a0for Quantifi Solutions. Stefan started his career at State Street.\u00a0He used to work for RiskMetrics Group and was responsible for OTC-Clearing at Calypso Technology. At BNY Mellon he supported the sales activities for Clearing- and Collateral-Management-Services. &nbsp;<\/p>\n<div><a class=\"btn-filled btn\" href=\"https:\/\/www.cva-services.eu\/en\/ueber-uns\/unser-management\" title=\"Management\">Read More<\/a><\/div>\n","protected":false},"author":15,"featured_media":0,"parent":5,"menu_order":3,"comment_status":"closed","ping_status":"closed","template":"page-templates\/full-width.php","meta":{"spay_email":"","footnotes":""},"yoast_head":"<!-- This site is optimized with the Yoast SEO plugin v16.4 - https:\/\/yoast.com\/wordpress\/plugins\/seo\/ -->\n<title><\/title>\n<meta name=\"description\" content=\"Wir sind ein Beratungsunternehmen mit einem klarem Schwerpunkt auf dem Risiko Management - lernen Sie unsere Experten kennen!\" \/>\n<meta name=\"robots\" content=\"index, follow, max-snippet:-1, max-image-preview:large, max-video-preview:-1\" \/>\n<link rel=\"canonical\" href=\"https:\/\/www.cva-services.eu\/ueber-uns\/unser-management\" \/>\n<meta property=\"og:locale\" content=\"en_US\" \/>\n<meta property=\"og:type\" content=\"article\" \/>\n<meta property=\"og:title\" content=\"[:de]Unser Management: Lernen Sie die CVA Services GmbH kennen[:]\" \/>\n<meta property=\"og:description\" content=\"Wir sind ein Beratungsunternehmen mit einem klarem Schwerpunkt auf dem Risiko Management - lernen Sie unsere Experten kennen!\" \/>\n<meta property=\"og:url\" content=\"https:\/\/www.cva-services.eu\/ueber-uns\/unser-management\" \/>\n<meta property=\"og:site_name\" content=\"CVA Services Gmbh\" \/>\n<meta property=\"article:modified_time\" content=\"2021-06-02T09:52:34+00:00\" \/>\n<meta property=\"og:image\" content=\"https:\/\/www.cva-services.eu\/wp-content\/uploads\/StefanZur-300x200.png\" \/>\n<meta name=\"twitter:card\" content=\"summary\" \/>\n<meta name=\"twitter:site\" content=\"@CVA_Services\" \/>\n<meta name=\"twitter:label1\" content=\"Est. reading time\" \/>\n\t<meta name=\"twitter:data1\" content=\"1 minute\" \/>\n<script type=\"application\/ld+json\" class=\"yoast-schema-graph\">{\"@context\":\"https:\/\/schema.org\",\"@graph\":[{\"@type\":\"WebSite\",\"@id\":\"https:\/\/www.cva-services.eu\/de\/#website\",\"url\":\"https:\/\/www.cva-services.eu\/de\/\",\"name\":\"CVA Services Gmbh\",\"description\":\"Managing Financial Transformation\",\"potentialAction\":[{\"@type\":\"SearchAction\",\"target\":\"https:\/\/www.cva-services.eu\/de\/?s={search_term_string}\",\"query-input\":\"required name=search_term_string\"}],\"inLanguage\":\"en-US\"},{\"@type\":\"ImageObject\",\"@id\":\"https:\/\/www.cva-services.eu\/ueber-uns\/unser-management#primaryimage\",\"inLanguage\":\"en-US\",\"url\":\"https:\/\/i1.wp.com\/www.cva-services.eu\/wp-content\/uploads\/StefanZur.png?fit=1001%2C667&ssl=1\",\"contentUrl\":\"https:\/\/i1.wp.com\/www.cva-services.eu\/wp-content\/uploads\/StefanZur.png?fit=1001%2C667&ssl=1\",\"width\":1001,\"height\":667,\"caption\":\"Stefan Zur\"},{\"@type\":\"WebPage\",\"@id\":\"https:\/\/www.cva-services.eu\/ueber-uns\/unser-management#webpage\",\"url\":\"https:\/\/www.cva-services.eu\/ueber-uns\/unser-management\",\"name\":\"[:de]Unser Management: Lernen Sie die CVA Services GmbH kennen[:]\",\"isPartOf\":{\"@id\":\"https:\/\/www.cva-services.eu\/de\/#website\"},\"primaryImageOfPage\":{\"@id\":\"https:\/\/www.cva-services.eu\/ueber-uns\/unser-management#primaryimage\"},\"datePublished\":\"2016-04-01T13:57:35+00:00\",\"dateModified\":\"2021-06-02T09:52:34+00:00\",\"description\":\"Wir sind ein Beratungsunternehmen mit einem klarem Schwerpunkt auf dem Risiko Management - lernen Sie unsere Experten kennen!\",\"breadcrumb\":{\"@id\":\"https:\/\/www.cva-services.eu\/ueber-uns\/unser-management#breadcrumb\"},\"inLanguage\":\"en-US\",\"potentialAction\":[{\"@type\":\"ReadAction\",\"target\":[\"https:\/\/www.cva-services.eu\/ueber-uns\/unser-management\"]}]},{\"@type\":\"BreadcrumbList\",\"@id\":\"https:\/\/www.cva-services.eu\/ueber-uns\/unser-management#breadcrumb\",\"itemListElement\":[{\"@type\":\"ListItem\",\"position\":1,\"item\":{\"@type\":\"WebPage\",\"@id\":\"https:\/\/www.cva-services.eu\/de\/\",\"url\":\"https:\/\/www.cva-services.eu\/de\/\",\"name\":\"Startseite\"}},{\"@type\":\"ListItem\",\"position\":2,\"item\":{\"@type\":\"WebPage\",\"@id\":\"https:\/\/www.cva-services.eu\/de\/ueber-uns\",\"url\":\"https:\/\/www.cva-services.eu\/de\/ueber-uns\",\"name\":\"\\u00dcber uns\"}},{\"@type\":\"ListItem\",\"position\":3,\"item\":{\"@id\":\"https:\/\/www.cva-services.eu\/ueber-uns\/unser-management#webpage\"}}]}]}<\/script>\n<!-- \/ Yoast SEO plugin. -->","jetpack_sharing_enabled":true,"jetpack_shortlink":"https:\/\/wp.me\/Pd7ImD-C","jetpack-related-posts":[{"id":32,"url":"https:\/\/www.cva-services.eu\/en\/ueber-uns\/unsere-historie","url_meta":{"origin":38,"position":0},"title":"[:de]Unsere Historie[:en]CVA Services History[:]","date":"Friday April  1st, 2016","format":false,"excerpt":"May 2018 We will anounce new partners soon. 5 divisions form the bone of our consultancy. \u00a0 May 2017 CVA Services GmbH\u00a0and\u00a0TOPP Tactical Intelligence cooperate in the product development for operational risk. \u00a0 April 2017 Our Department Integration Engineering\u00a0supports KGAL GmbH & Co. KG to be MiFID II compliant in\u2026","rel":"","context":"Similar post","img":{"alt_text":"","src":"https:\/\/i1.wp.com\/www.cva-services.eu\/wp-content\/uploads\/Screen-Shot-2018-07-26-at-5.25.41-PM-300x208.png?resize=350%2C200&ssl=1","width":350,"height":200},"classes":[]},{"id":2564,"url":"https:\/\/www.cva-services.eu\/en\/risk-dynamics\/liquiditaetsrisiko-und-die-liquiditaetsspirale","url_meta":{"origin":38,"position":1},"title":"[:de]Liquidit\u00e4tsrisiko und die Liquidit\u00e4tsspirale[:]","date":"Monday March 11th, 2019","format":false,"excerpt":"Sorry, this entry is only available in German.Liquidit\u00e4tsrisiko eines Investmentfonds Das Liquidit\u00e4tsrisiko f\u00fcr Kapitalverwaltungsgesellschaften (KVG) ergibt sich aus dem Liquidit\u00e4tsrisiko f\u00fcr Investmentfonds. Zahlungsverpflichtungen eines Fonds sind in der Regel kurzfristig, jedoch investiert der Fonds oftmals in langfristige sowie illiquide Verm\u00f6genswerte. Dadurch entsteht ein Risiko den Zahlungsverpflichtungen \/ R\u00fcckgabeverlangen der Anleger\u2026","rel":"","context":"Similar post","img":{"alt_text":"","src":"https:\/\/i0.wp.com\/www.cva-services.eu\/wp-content\/uploads\/Liquidit\u00c3\u00a4tsmanagement_Ausgangspunkt-Regulatorische-Ma\u00c3\u009fnahmen-1024x624.png?resize=350%2C200&ssl=1","width":350,"height":200},"classes":[]},{"id":40,"url":"https:\/\/www.cva-services.eu\/en\/credit-value-adjustments\/sa-cva-und-imm-cva","url_meta":{"origin":38,"position":2},"title":"SA-CVA und IMM","date":"Friday April  1st, 2016","format":false,"excerpt":"For International Financial Reporting Standards (IFRS) Credit Value Adjustments is the sum of CVA, DVA, and FVA. Only accounting IMM is state of the art. Nowadays IMM-based CVA for regulatory capital is abandoned and in line with our response to the Bank for International Settlement. Read more our Response to\u2026","rel":"","context":"Similar post","img":{"alt_text":"","src":"https:\/\/i0.wp.com\/www.cva-services.eu\/wp-content\/uploads\/About-cvaservices-300x169.jpg?resize=350%2C200&ssl=1","width":350,"height":200},"classes":[]},{"id":445,"url":"https:\/\/www.cva-services.eu\/en\/srep\/ifrs-13","url_meta":{"origin":38,"position":3},"title":"IFRS 13","date":"Thursday May 19th, 2016","format":false,"excerpt":"Our Solutions for CVA Accounting Your company is a corporate or a small bank planning to report the Base CVA. Are you interested in a cost sensitive solution for\u00a0Credit Valuation Adjustments?\u00a0Follow the\u00a0link to get more information about\u00a0Pseudo-Monte-Carlo\u00a0calculation\u00a0of CVA \u00a0www.ifrs-cva.com. Do you need an in-house solution\u00a0and\u00a0a complete\u00a0Monte-Carlo-Engine? Find out more about\u2026","rel":"","context":"Similar post","img":{"alt_text":"","src":"","width":0,"height":0},"classes":[]},{"id":641,"url":"https:\/\/www.cva-services.eu\/en\/unser-angebot\/service-implementation","url_meta":{"origin":38,"position":4},"title":"Service Implementation","date":"Monday August  8th, 2016","format":false,"excerpt":"CVA Services can support the adjustment or replacement of your outdated vendor version or own built regulatory reporting tools. We create individual and vendor independent regulatory reporting solutions based on your current IT systems. \u00a0 We offer Professional Services as White Label Partner in the (DACH Region). Successful service implementations\u2026","rel":"","context":"Similar post","img":{"alt_text":"","src":"https:\/\/i1.wp.com\/www.cva-services.eu\/wp-content\/uploads\/Screen-Shot-2018-07-26-at-5.25.41-PM.png?resize=350%2C200&ssl=1","width":350,"height":200},"classes":[]},{"id":443,"url":"https:\/\/www.cva-services.eu\/en\/accounting-transformation\/ifrs-9anacredit","url_meta":{"origin":38,"position":5},"title":"[:de]AnaCredit und IFRS 9[:en]IFRS 9[:]","date":"Thursday May 19th, 2016","format":false,"excerpt":"AnaCredit means Analytical Credit Datasets. AnaCredit is a draft regulation published by the European Central Bank. Since AnaCredit will request detailed data to each individual loan, there are synergies between its implementation and the implementation of IFRS 9, a new accounting standard for financial loan instruments. Not only that data,\u2026","rel":"","context":"Similar post","img":{"alt_text":"","src":"","width":0,"height":0},"classes":[]}],"_links":{"self":[{"href":"https:\/\/www.cva-services.eu\/en\/wp-json\/wp\/v2\/pages\/38"}],"collection":[{"href":"https:\/\/www.cva-services.eu\/en\/wp-json\/wp\/v2\/pages"}],"about":[{"href":"https:\/\/www.cva-services.eu\/en\/wp-json\/wp\/v2\/types\/page"}],"author":[{"embeddable":true,"href":"https:\/\/www.cva-services.eu\/en\/wp-json\/wp\/v2\/users\/15"}],"replies":[{"embeddable":true,"href":"https:\/\/www.cva-services.eu\/en\/wp-json\/wp\/v2\/comments?post=38"}],"version-history":[{"count":34,"href":"https:\/\/www.cva-services.eu\/en\/wp-json\/wp\/v2\/pages\/38\/revisions"}],"predecessor-version":[{"id":2692,"href":"https:\/\/www.cva-services.eu\/en\/wp-json\/wp\/v2\/pages\/38\/revisions\/2692"}],"up":[{"embeddable":true,"href":"https:\/\/www.cva-services.eu\/en\/wp-json\/wp\/v2\/pages\/5"}],"wp:attachment":[{"href":"https:\/\/www.cva-services.eu\/en\/wp-json\/wp\/v2\/media?parent=38"}],"curies":[{"name":"wp","href":"https:\/\/api.w.org\/{rel}","templated":true}]}}