{"id":801,"date":"2017-06-19T08:53:53","date_gmt":"2017-06-19T06:53:53","guid":{"rendered":"https:\/\/www.cva-services.eu\/?page_id=801"},"modified":"2018-08-21T12:09:31","modified_gmt":"2018-08-21T10:09:31","slug":"oprisk","status":"publish","type":"page","link":"https:\/\/www.cva-services.eu\/en\/risk-dynamics\/oprisk","title":{"rendered":"OpRisk Basel IV &#8211; Back to Basics"},"content":{"rendered":"<p>On 7 June 2017, the European Banking Authority (EBA) published its 2018 EU-wide stress test draft methodology and templates for discussion with the industry. The methodology covers all relevant risk areas and, for the first time, will incorporate IFRS 9 accounting standards. The results will inform the 2018 Supervisory Review and Evaluation Process (SREP), challenging banks&#8217; capital plans and leading to relevant supervisory outcomes. EBA\u02cbs document contains operational risks, based on the definitions of Basel II. Data on behavioral risks (ICT), which will be treated as operational risks under SREP, are also queried. The data collected here will be used to review the OpRisk strategies and their identification, assessment, monitoring and documentation of risks as well as the business continuity process for the SREP approach.<\/p>\n<h3>Always in Control &#8211; Prevention in the focus of OpRisk<\/h3>\n<p><img data-attachment-id=\"841\" data-permalink=\"https:\/\/www.cva-services.eu\/en\/risk-dynamics\/oprisk\/oprisk-2\" data-orig-file=\"https:\/\/i0.wp.com\/www.cva-services.eu\/wp-content\/uploads\/OpRisk.jpg?fit=400%2C410&amp;ssl=1\" data-orig-size=\"400,410\" data-comments-opened=\"0\" data-image-meta=\"{&quot;aperture&quot;:&quot;0&quot;,&quot;credit&quot;:&quot;&quot;,&quot;camera&quot;:&quot;&quot;,&quot;caption&quot;:&quot;&quot;,&quot;created_timestamp&quot;:&quot;0&quot;,&quot;copyright&quot;:&quot;&quot;,&quot;focal_length&quot;:&quot;0&quot;,&quot;iso&quot;:&quot;0&quot;,&quot;shutter_speed&quot;:&quot;0&quot;,&quot;title&quot;:&quot;&quot;,&quot;orientation&quot;:&quot;0&quot;}\" data-image-title=\"OpRisk\" data-image-description=\"\" data-medium-file=\"https:\/\/i0.wp.com\/www.cva-services.eu\/wp-content\/uploads\/OpRisk.jpg?fit=293%2C300&amp;ssl=1\" data-large-file=\"https:\/\/i0.wp.com\/www.cva-services.eu\/wp-content\/uploads\/OpRisk.jpg?fit=400%2C410&amp;ssl=1\" decoding=\"async\" loading=\"lazy\" class=\"alignnone size-medium wp-image-841\" src=\"https:\/\/i0.wp.com\/www.cva-services.eu\/wp-content\/uploads\/OpRisk.jpg?resize=293%2C300&#038;ssl=1\" alt=\"\" width=\"293\" height=\"300\" srcset=\"https:\/\/i0.wp.com\/www.cva-services.eu\/wp-content\/uploads\/OpRisk.jpg?resize=293%2C300&amp;ssl=1 293w, https:\/\/i0.wp.com\/www.cva-services.eu\/wp-content\/uploads\/OpRisk.jpg?w=400&amp;ssl=1 400w\" sizes=\"(max-width: 293px) 100vw, 293px\" data-recalc-dims=\"1\" \/><\/p>\n<p><a href=\"http:\/\/toppti.com\/\">TOPP Tactical Intelligence<\/a><\/p>\n<p>Since OpRisks are caused by the daily business, but damages of many OpRisks categories, such as internal fraud, cause serious damage but rarely occur, the documentation and early detection of potential dangers by internal controls is enormously important. The CCR defines OpRisk as a &#8220;risk of losses caused by the inadequacy or failure of internal procedures, people and systems, or external events, including legal risks.&#8221; The Bank&#8217;s business processes are therefore a starting point for defining an early warning system for OpRisks. For a functioning early warning system, the risks must be evaluable at all times. To achieve this, structured documentation is inevitable. The company TOPP Tactical has dealt extensively with this topic and developed a process management tool (P.R.E.S.T.O.), which dynamically analyzes processes and makes use of defined key figures, e.g. Key Performance Indicators (KPI) identified and documented risks.<\/p>\n<h3>Measurement Approaches &#8211; AMA vs. SMA<\/h3>\n<p>Credit institutions generally have three options for calculating capital requirements according to CCR: the basic indicator approach (BIA); The standard approach (TSA), an advanced measurement approach (AMA). The BIA and TSA are highly simplified models, which are rarely applied on their own. Since there are a large number of internal modeling practices for OpRisks among credit institutions and the AMA is complex in its application, AMA is strongly criticized by banks. The BCBS proposes a new approach to solve the problems of risk-weighted capital ratios &#8211; the standardized measurement approach (SMA).<\/p>","protected":false},"excerpt":{"rendered":"<p>On 7 June 2017, the European Banking Authority (EBA) published its 2018 EU-wide stress test draft methodology and templates for discussion with the industry. The methodology covers all relevant risk areas and, for the first time, will incorporate IFRS 9 accounting standards. The results will inform the 2018 Supervisory Review and Evaluation Process (SREP), challenging<\/p>\n<div><a class=\"btn-filled btn\" href=\"https:\/\/www.cva-services.eu\/en\/risk-dynamics\/oprisk\" title=\"OpRisk Basel IV &#8211; Back to Basics\">Read More<\/a><\/div>\n","protected":false},"author":15,"featured_media":0,"parent":1340,"menu_order":0,"comment_status":"closed","ping_status":"closed","template":"","meta":{"spay_email":"","footnotes":""},"yoast_head":"<!-- This site is optimized with the Yoast SEO plugin v16.4 - https:\/\/yoast.com\/wordpress\/plugins\/seo\/ -->\n<title>OpRisk Basel IV - Back to Basics - CVA Services Gmbh<\/title>\n<meta name=\"robots\" content=\"index, follow, max-snippet:-1, max-image-preview:large, max-video-preview:-1\" \/>\n<link rel=\"canonical\" href=\"https:\/\/www.cva-services.eu\/risk-dynamics\/oprisk\" \/>\n<meta property=\"og:locale\" content=\"en_US\" \/>\n<meta property=\"og:type\" content=\"article\" \/>\n<meta property=\"og:title\" content=\"OpRisk Basel IV - Back to Basics - CVA Services Gmbh\" \/>\n<meta property=\"og:description\" content=\"On 7 June 2017, the European Banking Authority (EBA) published its 2018 EU-wide stress test draft methodology and templates for discussion with the industry. The methodology covers all relevant risk areas and, for the first time, will incorporate IFRS 9 accounting standards. The results will inform the 2018 Supervisory Review and Evaluation Process (SREP), challengingRead More\" \/>\n<meta property=\"og:url\" content=\"https:\/\/www.cva-services.eu\/risk-dynamics\/oprisk\" \/>\n<meta property=\"og:site_name\" content=\"CVA Services Gmbh\" \/>\n<meta property=\"article:modified_time\" content=\"2018-08-21T10:09:31+00:00\" \/>\n<meta property=\"og:image\" content=\"https:\/\/www.cva-services.eu\/wp-content\/uploads\/OpRisk-293x300.jpg\" \/>\n<meta name=\"twitter:card\" content=\"summary\" \/>\n<meta name=\"twitter:site\" content=\"@CVA_Services\" \/>\n<meta name=\"twitter:label1\" content=\"Est. reading time\" \/>\n\t<meta name=\"twitter:data1\" content=\"4 minutes\" \/>\n<script type=\"application\/ld+json\" class=\"yoast-schema-graph\">{\"@context\":\"https:\/\/schema.org\",\"@graph\":[{\"@type\":\"WebSite\",\"@id\":\"https:\/\/www.cva-services.eu\/de\/#website\",\"url\":\"https:\/\/www.cva-services.eu\/de\/\",\"name\":\"CVA Services Gmbh\",\"description\":\"Managing Financial Transformation\",\"potentialAction\":[{\"@type\":\"SearchAction\",\"target\":\"https:\/\/www.cva-services.eu\/de\/?s={search_term_string}\",\"query-input\":\"required name=search_term_string\"}],\"inLanguage\":\"en-US\"},{\"@type\":\"ImageObject\",\"@id\":\"https:\/\/www.cva-services.eu\/risk-dynamics\/oprisk#primaryimage\",\"inLanguage\":\"en-US\",\"url\":\"https:\/\/i0.wp.com\/www.cva-services.eu\/wp-content\/uploads\/OpRisk.jpg?fit=400%2C410&ssl=1\",\"contentUrl\":\"https:\/\/i0.wp.com\/www.cva-services.eu\/wp-content\/uploads\/OpRisk.jpg?fit=400%2C410&ssl=1\",\"width\":400,\"height\":410},{\"@type\":\"WebPage\",\"@id\":\"https:\/\/www.cva-services.eu\/risk-dynamics\/oprisk#webpage\",\"url\":\"https:\/\/www.cva-services.eu\/risk-dynamics\/oprisk\",\"name\":\"OpRisk Basel IV - Back to Basics - CVA Services Gmbh\",\"isPartOf\":{\"@id\":\"https:\/\/www.cva-services.eu\/de\/#website\"},\"primaryImageOfPage\":{\"@id\":\"https:\/\/www.cva-services.eu\/risk-dynamics\/oprisk#primaryimage\"},\"datePublished\":\"2017-06-19T06:53:53+00:00\",\"dateModified\":\"2018-08-21T10:09:31+00:00\",\"breadcrumb\":{\"@id\":\"https:\/\/www.cva-services.eu\/risk-dynamics\/oprisk#breadcrumb\"},\"inLanguage\":\"en-US\",\"potentialAction\":[{\"@type\":\"ReadAction\",\"target\":[\"https:\/\/www.cva-services.eu\/risk-dynamics\/oprisk\"]}]},{\"@type\":\"BreadcrumbList\",\"@id\":\"https:\/\/www.cva-services.eu\/risk-dynamics\/oprisk#breadcrumb\",\"itemListElement\":[{\"@type\":\"ListItem\",\"position\":1,\"item\":{\"@type\":\"WebPage\",\"@id\":\"https:\/\/www.cva-services.eu\/de\/\",\"url\":\"https:\/\/www.cva-services.eu\/de\/\",\"name\":\"Startseite\"}},{\"@type\":\"ListItem\",\"position\":2,\"item\":{\"@type\":\"WebPage\",\"@id\":\"https:\/\/www.cva-services.eu\/risk-dynamics\",\"url\":\"https:\/\/www.cva-services.eu\/risk-dynamics\",\"name\":\"Risk Dynamics\"}},{\"@type\":\"ListItem\",\"position\":3,\"item\":{\"@id\":\"https:\/\/www.cva-services.eu\/risk-dynamics\/oprisk#webpage\"}}]}]}<\/script>\n<!-- \/ Yoast SEO plugin. -->","jetpack_sharing_enabled":false,"jetpack_shortlink":"https:\/\/wp.me\/Pd7ImD-cV","jetpack-related-posts":[{"id":328,"url":"https:\/\/www.cva-services.eu\/en\/interne-modelle","url_meta":{"origin":801,"position":0},"title":"Interne Modelle","date":"Tuesday April 19th, 2016","format":false,"excerpt":"Den Begriff internes Modell oder zumindest Internal Model Method gibt es formal nur nach Basel f\u00fcr Banken. Bei Asset Managern ist das Modell nur vom Gesetzgeber, hier z.B. von der Schweizer FINMA definiert. Es gibt einen Standard- oder Internal-Model Ansatz: Art. 39 Modell-Ansatz: Berechnung des VaR Der VaR kann mit\u2026","rel":"","context":"Similar post","img":{"alt_text":"","src":"","width":0,"height":0},"classes":[]},{"id":2379,"url":"https:\/\/www.cva-services.eu\/en\/value-adjustment-xva","url_meta":{"origin":801,"position":1},"title":"Value Adjustment (XVA)","date":"Sunday August 12th, 2018","format":false,"excerpt":"More about xVA and MVA will be published soon. See our sub content pages about CVA, which is the oldest adjustment for derivatives and reflects the regulatory capital charge for Basel. \u00a0","rel":"","context":"Similar post","img":{"alt_text":"","src":"","width":0,"height":0},"classes":[]},{"id":247,"url":"https:\/\/www.cva-services.eu\/en\/basel-iii","url_meta":{"origin":801,"position":2},"title":"Basel III","date":"Monday April 18th, 2016","format":false,"excerpt":"Basel III bezeichnet regulatorische Vorschriften insbesondere zum Eigenkapital, Stresstesting und Liquidit\u00e4tsmanagement von Banken. Sie wurden vom Basler Ausschusses der Bank f\u00fcr Internationalen Zahlungsausgleich (BIZ) entwickelt. Basel III ist der Nachfolger der Regeln von Basel II. Deren Schw\u00e4chen wurden v. a. durch die Finanzkrise 2007 offensichtlich. Die Abl\u00f6sung von Basel II\u2026","rel":"","context":"Similar post","img":{"alt_text":"","src":"https:\/\/i0.wp.com\/www.cva-services.eu\/wp-content\/uploads\/About-cvaservices-300x169.jpg?resize=350%2C200&ssl=1","width":350,"height":200},"classes":[]},{"id":11,"url":"https:\/\/www.cva-services.eu\/en\/srep","url_meta":{"origin":801,"position":3},"title":"Knowledge Center","date":"Friday April  1st, 2016","format":false,"excerpt":"Knowledge Center and SREP In the beginning of a regulation at the European level, the SREP, the Supervisory Review and Evaluation Process, i.e the development of guidelines for national supervisors or NCA (national competent authorities), does not affect our clients. It often takes years to reach final financial market regulations.\u2026","rel":"","context":"Similar post","img":{"alt_text":"","src":"","width":0,"height":0},"classes":[]},{"id":445,"url":"https:\/\/www.cva-services.eu\/en\/srep\/ifrs-13","url_meta":{"origin":801,"position":4},"title":"IFRS 13","date":"Thursday May 19th, 2016","format":false,"excerpt":"Our Solutions for CVA Accounting Your company is a corporate or a small bank planning to report the Base CVA. Are you interested in a cost sensitive solution for\u00a0Credit Valuation Adjustments?\u00a0Follow the\u00a0link to get more information about\u00a0Pseudo-Monte-Carlo\u00a0calculation\u00a0of CVA \u00a0www.ifrs-cva.com. Do you need an in-house solution\u00a0and\u00a0a complete\u00a0Monte-Carlo-Engine? Find out more about\u2026","rel":"","context":"Similar post","img":{"alt_text":"","src":"","width":0,"height":0},"classes":[]},{"id":40,"url":"https:\/\/www.cva-services.eu\/en\/credit-value-adjustments\/sa-cva-und-imm-cva","url_meta":{"origin":801,"position":5},"title":"SA-CVA und IMM","date":"Friday April  1st, 2016","format":false,"excerpt":"For International Financial Reporting Standards (IFRS) Credit Value Adjustments is the sum of CVA, DVA, and FVA. Only accounting IMM is state of the art. Nowadays IMM-based CVA for regulatory capital is abandoned and in line with our response to the Bank for International Settlement. Read more our Response to\u2026","rel":"","context":"Similar post","img":{"alt_text":"","src":"https:\/\/i0.wp.com\/www.cva-services.eu\/wp-content\/uploads\/About-cvaservices-300x169.jpg?resize=350%2C200&ssl=1","width":350,"height":200},"classes":[]}],"_links":{"self":[{"href":"https:\/\/www.cva-services.eu\/en\/wp-json\/wp\/v2\/pages\/801"}],"collection":[{"href":"https:\/\/www.cva-services.eu\/en\/wp-json\/wp\/v2\/pages"}],"about":[{"href":"https:\/\/www.cva-services.eu\/en\/wp-json\/wp\/v2\/types\/page"}],"author":[{"embeddable":true,"href":"https:\/\/www.cva-services.eu\/en\/wp-json\/wp\/v2\/users\/15"}],"replies":[{"embeddable":true,"href":"https:\/\/www.cva-services.eu\/en\/wp-json\/wp\/v2\/comments?post=801"}],"version-history":[{"count":16,"href":"https:\/\/www.cva-services.eu\/en\/wp-json\/wp\/v2\/pages\/801\/revisions"}],"predecessor-version":[{"id":2440,"href":"https:\/\/www.cva-services.eu\/en\/wp-json\/wp\/v2\/pages\/801\/revisions\/2440"}],"up":[{"embeddable":true,"href":"https:\/\/www.cva-services.eu\/en\/wp-json\/wp\/v2\/pages\/1340"}],"wp:attachment":[{"href":"https:\/\/www.cva-services.eu\/en\/wp-json\/wp\/v2\/media?parent=801"}],"curies":[{"name":"wp","href":"https:\/\/api.w.org\/{rel}","templated":true}]}}